{"id":181,"date":"2018-08-28T13:03:56","date_gmt":"2018-08-28T13:03:56","guid":{"rendered":"http:\/\/defi-social.com\/wordpress\/?page_id=181"},"modified":"2023-10-12T10:18:59","modified_gmt":"2023-10-12T08:18:59","slug":"maintenance","status":"publish","type":"page","link":"https:\/\/defi-social.com\/index.php\/maintenance\/","title":{"rendered":"Maintenance"},"content":{"rendered":"<p><img decoding=\"async\" width=\"215\" height=\"186\" src=\"https:\/\/defi-social.com\/wp-content\/uploads\/2018\/09\/Fichier-1@0.5x.png\" alt=\"\" loading=\"lazy\" sizes=\"100vw\"><\/p>\n<p style=\"text-align: center;\">Afin de permettre au service maintenance de prendre en charge votre demande, merci de t\u00e9l\u00e9charger notre utilitaire TeamViewer en cliquant sur le bouton ci-dessous.<\/p>\n<p>\t\t\t\t\t\t\t\t\t\t\t\t\t<a href=\"https:\/\/get.teamviewer.com\/6b8vz2v\"><br>\n<img decoding=\"async\" width=\"234\" height=\"58\" src=\"https:\/\/defi-social.com\/wp-content\/uploads\/2020\/09\/MaintenanceDefiSocial.png\" alt=\"Maintenance par TeamViewer\" loading=\"lazy\" sizes=\"100vw\">\t\t\t\t\t\t\t\t<\/a><\/p>\n\n<div class=\"wpcf7 no-js\" id=\"wpcf7-f3041-o1\" lang=\"fr-FR\" dir=\"ltr\">\n<div class=\"screen-reader-response\"><p role=\"status\" aria-live=\"polite\" aria-atomic=\"true\"><\/p> <ul><\/ul><\/div>\n<form action=\"\/index.php\/wp-json\/wp\/v2\/pages\/181#wpcf7-f3041-o1\" method=\"post\" class=\"wpcf7-form init\" aria-label=\"Formulaire de contact\" enctype=\"multipart\/form-data\" novalidate=\"novalidate\" data-status=\"init\">\n<div style=\"display: none;\">\n<input type=\"hidden\" name=\"_wpcf7\" value=\"3041\" \/>\n<input type=\"hidden\" name=\"_wpcf7_version\" value=\"5.7.7\" \/>\n<input type=\"hidden\" name=\"_wpcf7_locale\" value=\"fr_FR\" \/>\n<input type=\"hidden\" name=\"_wpcf7_unit_tag\" value=\"wpcf7-f3041-o1\" \/>\n<input type=\"hidden\" name=\"_wpcf7_container_post\" value=\"0\" \/>\n<input type=\"hidden\" name=\"_wpcf7_posted_data_hash\" value=\"\" \/>\n<input type=\"hidden\" name=\"_wpcf7_recaptcha_response\" value=\"\" \/>\n<\/div>\n<p><label> Votre association gestionnaire<br \/>\n<span class=\"wpcf7-form-control-wrap\" data-name=\"your-association\"><input size=\"40\" class=\"wpcf7-form-control wpcf7-text wpcf7-validates-as-required\" aria-required=\"true\" aria-invalid=\"false\" value=\"\" type=\"text\" name=\"your-association\" \/><\/span> <\/label>\n<\/p>\n<p><label> Votre nom<br \/>\n<span class=\"wpcf7-form-control-wrap\" data-name=\"your-name\"><input size=\"40\" class=\"wpcf7-form-control wpcf7-text wpcf7-validates-as-required\" aria-required=\"true\" aria-invalid=\"false\" value=\"\" type=\"text\" name=\"your-name\" \/><\/span> <\/label>\n<\/p>\n<p><label> Votre \u00e9tablissement<br \/>\n<span class=\"wpcf7-form-control-wrap\" data-name=\"your-etablissement\"><input size=\"40\" class=\"wpcf7-form-control wpcf7-text wpcf7-validates-as-required\" aria-required=\"true\" aria-invalid=\"false\" value=\"\" type=\"text\" name=\"your-etablissement\" \/><\/span> <\/label>\n<\/p>\n<p><label> Votre n\u00b0 de t\u00e9l\u00e9phone<br \/>\n<span class=\"wpcf7-form-control-wrap\" data-name=\"your-phonenumber\"><input size=\"40\" class=\"wpcf7-form-control wpcf7-text wpcf7-validates-as-required\" aria-required=\"true\" aria-invalid=\"false\" value=\"\" type=\"text\" name=\"your-phonenumber\" \/><\/span> <\/label>\n<\/p>\n<p><label> Votre adresse mail<br \/>\n<span class=\"wpcf7-form-control-wrap\" data-name=\"your-email\"><input size=\"40\" class=\"wpcf7-form-control wpcf7-text wpcf7-email wpcf7-validates-as-required wpcf7-validates-as-email\" aria-required=\"true\" aria-invalid=\"false\" value=\"\" type=\"email\" name=\"your-email\" \/><\/span> <\/label>\n<\/p>\n<p><label> Logiciel\/Service<br \/>\n<span class=\"wpcf7-form-control-wrap\" data-name=\"LogicielService\"><select class=\"wpcf7-form-control wpcf7-select wpcf7-validates-as-required\" aria-required=\"true\" aria-invalid=\"false\" name=\"LogicielService\"><option value=\"\">&#8212;Veuillez choisir une option&#8212;<\/option><option value=\"Sam\">Sam<\/option><option value=\"EvalErgo\">EvalErgo<\/option><option value=\"UrgenceFlash\">UrgenceFlash<\/option><option value=\"ACGPro\">ACGPro<\/option><option value=\"Ev@lActions\">Ev@lActions<\/option><option value=\"Ev@lQuest\">Ev@lQuest<\/option><option value=\"Ev@lRisques\">Ev@lRisques<\/option><option value=\"H\u00e9bergement\">H\u00e9bergement<\/option><\/select><\/span> <\/label>\n<\/p>\n<p><label> Urgence ou type de demande<br \/>\n<span class=\"wpcf7-form-control-wrap\" data-name=\"Urgence\"><select class=\"wpcf7-form-control wpcf7-select wpcf7-validates-as-required\" aria-required=\"true\" aria-invalid=\"false\" name=\"Urgence\"><option value=\"\">&#8212;Veuillez choisir une option&#8212;<\/option><option value=\"Bloquant\">Bloquant<\/option><option value=\"G\u00eanant\">G\u00eanant<\/option><option value=\"Information\">Information<\/option><option value=\"Traitement des licences\">Traitement des licences<\/option><\/select><\/span> <\/label>\n<\/p>\n<p><label> D\u00e9taillez ici le dysfonctionnement constat\u00e9. :<br \/>\n<span class=\"wpcf7-form-control-wrap\" data-name=\"Details\"><textarea cols=\"40\" rows=\"10\" class=\"wpcf7-form-control wpcf7-textarea wpcf7-validates-as-required\" aria-required=\"true\" aria-invalid=\"false\" name=\"Details\"><\/textarea><\/span> <\/label>\n<\/p>\n<p><label> Joindre une pi\u00e8ce<br \/>\n<span class=\"wpcf7-form-control-wrap\" data-name=\"file-727\"><input size=\"40\" class=\"wpcf7-form-control wpcf7-file\" accept=\"audio\/*,video\/*,image\/*\" aria-invalid=\"false\" type=\"file\" name=\"file-727\" \/><\/span> <\/label>\n<\/p>\n<p><input class=\"wpcf7-form-control has-spinner wpcf7-submit\" type=\"submit\" value=\"Envoyer\" \/>\n<\/p><div class=\"wpcf7-response-output\" aria-hidden=\"true\"><\/div>\n<\/form>\n<\/div>\n\n\n\n<p class=\"has-white-color has-vivid-red-background-color has-text-color has-background\" style=\"font-style:normal;font-weight:700\">En cas de difficult\u00e9s, adressez un mail \u00e0    maintenance@defi-social.com  ou t\u00e9l\u00e9phonez au portable d&#8217;astreinte 06 08 05 71 73<\/p>\n","protected":false},"excerpt":{"rendered":"<p>Afin de permettre au service maintenance de prendre en charge votre demande, merci de t\u00e9l\u00e9charger notre utilitaire TeamViewer en cliquant sur le bouton ci-dessous. En cas de difficult\u00e9s, adressez un mail \u00e0 maintenance@defi-social.com ou t\u00e9l\u00e9phonez au portable d&#8217;astreinte 06 08 05 71 73<\/p>\n","protected":false},"author":3,"featured_media":0,"parent":0,"menu_order":0,"comment_status":"closed","ping_status":"closed","template":"","meta":[],"_links":{"self":[{"href":"https:\/\/defi-social.com\/index.php\/wp-json\/wp\/v2\/pages\/181"}],"collection":[{"href":"https:\/\/defi-social.com\/index.php\/wp-json\/wp\/v2\/pages"}],"about":[{"href":"https:\/\/defi-social.com\/index.php\/wp-json\/wp\/v2\/types\/page"}],"author":[{"embeddable":true,"href":"https:\/\/defi-social.com\/index.php\/wp-json\/wp\/v2\/users\/3"}],"replies":[{"embeddable":true,"href":"https:\/\/defi-social.com\/index.php\/wp-json\/wp\/v2\/comments?post=181"}],"version-history":[{"count":32,"href":"https:\/\/defi-social.com\/index.php\/wp-json\/wp\/v2\/pages\/181\/revisions"}],"predecessor-version":[{"id":4003,"href":"https:\/\/defi-social.com\/index.php\/wp-json\/wp\/v2\/pages\/181\/revisions\/4003"}],"wp:attachment":[{"href":"https:\/\/defi-social.com\/index.php\/wp-json\/wp\/v2\/media?parent=181"}],"curies":[{"name":"wp","href":"https:\/\/api.w.org\/{rel}","templated":true}]}}