{"id":248,"date":"2018-08-29T09:27:05","date_gmt":"2018-08-29T09:27:05","guid":{"rendered":"http:\/\/defi-social.com\/wordpress\/?page_id=248"},"modified":"2020-11-05T15:23:48","modified_gmt":"2020-11-05T14:23:48","slug":"la-dependance","status":"publish","type":"page","link":"https:\/\/defi-social.com\/index.php\/logiciels\/la-dependance\/","title":{"rendered":"La grande d\u00e9pendance"},"content":{"rendered":"<h1><span style=\"color: #333399;\">La d\u00e9pendance g\u00e9r\u00e9e avec le logiciel Ev@lErgo<\/span><\/h1>\n<p><span style=\"color: #333399;\">Cet outil normalis\u00e9 aux besoins \u00e9manant des lois en vigueur (2002, 2005, et projets 2009) respecte les exigences de la qualit\u00e9 des prestations des <strong>\u00e9tablissements et services sociaux et m\u00e9dico-sociaux<\/strong>.<\/span><\/p>\n<h2><span style=\"color: #333399;\">Suivre l&#8217;\u00e9volution de la d\u00e9pendance des r\u00e9sidents<\/span><\/h2>\n<p><span style=\"color: #333399;\">De fa\u00e7on tr\u00e8s simple (par pastilles de couleurs) et tr\u00e8s pointue, il vous permet de visualiser rapidement l&#8217;autonomie ou la d\u00e9pendance de vos r\u00e9sidents. Construit sur la base du r\u00e9f\u00e9rentiel de Paul DOTTE, en collaboration avec SIFAM Formations, il reprend le PICTONOME\u00ae \u00e9labor\u00e9 \u00e0 cet effet. Il vous permet de suivre l&#8217;\u00e9volution de chacun des r\u00e9sidents, offre un outil d&#8217;appui pointu aux professionnels de terrain les aidant dans leurs d\u00e9marches quotidiennes.<\/span><\/p>\n<p><iframe loading=\"lazy\" src=\"https:\/\/www.youtube.com\/embed\/47Gq0gsZxNQ\" width=\"640\" height=\"360\" frameborder=\"0\" align=\"center\" allowfullscreen=\"allowfullscreen\"><\/iframe><\/p>\n<h2><span style=\"color: #333399;\">Des rubriques adapt\u00e9es aux m\u00e9triques de qualit\u00e9 de vie<\/span><\/h2>\n<ul>\n<li><span style=\"color: #333399;\">\u00a0Appareillage<\/span><\/li>\n<li><span style=\"color: #333399;\">Communication<\/span><\/li>\n<li><span style=\"color: #333399;\">Coop\u00e9ration<\/span><\/li>\n<li><span style=\"color: #333399;\">Elimination<\/span><\/li>\n<li><span style=\"color: #333399;\">Habillage<\/span><\/li>\n<li><span style=\"color: #333399;\">Hygi\u00e8ne<\/span><\/li>\n<li><span style=\"color: #333399;\">Locomotion<\/span><\/li>\n<li><span style=\"color: #333399;\">Manutention<\/span><\/li>\n<li><span style=\"color: #333399;\">Repas<\/span><\/li>\n<li><span style=\"color: #333399;\">Rep\u00e9rage<\/span><\/li>\n<li><span style=\"color: #333399;\">S\u00e9curit\u00e9<\/span><\/li>\n<li><span style=\"color: #333399;\">Toilette<\/span><\/li>\n<\/ul>\n<p><span style=\"color: #333399;\">Le large \u00e9ventail de statistiques vous permet de faire le point sur les besoins d&#8217;accompagnement \u00e0 mettre en place. Il retrace l&#8217;\u00e9volution de l&#8217;ensemble de l&#8217;\u00e9tablissement et offre des tendances d&#8217;\u00e9volution de l&#8217;ensemble de la population.<\/span><\/p>\n<p><span style=\"color: #333399;\">Ses capacit\u00e9s de recherches multicrit\u00e8res vous permettent d&#8217;affiner vos analyses.<\/span><\/p>\n\n\n<div class=\"wp-block-file\"><a href=\"https:\/\/defi-social.com\/wp-content\/uploads\/2020\/11\/Plaquette_EvalErgo.pdf\">Plaquette EvalErgo<\/a><a href=\"https:\/\/defi-social.com\/wp-content\/uploads\/2020\/11\/Plaquette_EvalErgo.pdf\" class=\"wp-block-file__button\" download>T\u00e9l\u00e9charger<\/a><\/div>\n\n\n\n<p><\/p>\n","protected":false},"excerpt":{"rendered":"<p>La d\u00e9pendance g\u00e9r\u00e9e avec le logiciel Ev@lErgo Cet outil normalis\u00e9 aux besoins \u00e9manant des lois en vigueur (2002, 2005, et projets 2009) respecte les exigences de la qualit\u00e9 des prestations des \u00e9tablissements et services sociaux et m\u00e9dico-sociaux. Suivre l&#8217;\u00e9volution de la d\u00e9pendance des r\u00e9sidents De fa\u00e7on tr\u00e8s simple (par pastilles de couleurs) et tr\u00e8s pointue, &hellip; <\/p>\n<p class=\"link-more\"><a href=\"https:\/\/defi-social.com\/index.php\/logiciels\/la-dependance\/\" class=\"more-link\">Continuer la lecture<span class=\"screen-reader-text\"> de &laquo;&nbsp;La grande d\u00e9pendance&nbsp;&raquo;<\/span><\/a><\/p>\n","protected":false},"author":3,"featured_media":0,"parent":79,"menu_order":0,"comment_status":"closed","ping_status":"closed","template":"","meta":[],"_links":{"self":[{"href":"https:\/\/defi-social.com\/index.php\/wp-json\/wp\/v2\/pages\/248"}],"collection":[{"href":"https:\/\/defi-social.com\/index.php\/wp-json\/wp\/v2\/pages"}],"about":[{"href":"https:\/\/defi-social.com\/index.php\/wp-json\/wp\/v2\/types\/page"}],"author":[{"embeddable":true,"href":"https:\/\/defi-social.com\/index.php\/wp-json\/wp\/v2\/users\/3"}],"replies":[{"embeddable":true,"href":"https:\/\/defi-social.com\/index.php\/wp-json\/wp\/v2\/comments?post=248"}],"version-history":[{"count":1,"href":"https:\/\/defi-social.com\/index.php\/wp-json\/wp\/v2\/pages\/248\/revisions"}],"predecessor-version":[{"id":3210,"href":"https:\/\/defi-social.com\/index.php\/wp-json\/wp\/v2\/pages\/248\/revisions\/3210"}],"up":[{"embeddable":true,"href":"https:\/\/defi-social.com\/index.php\/wp-json\/wp\/v2\/pages\/79"}],"wp:attachment":[{"href":"https:\/\/defi-social.com\/index.php\/wp-json\/wp\/v2\/media?parent=248"}],"curies":[{"name":"wp","href":"https:\/\/api.w.org\/{rel}","templated":true}]}}