{"id":266,"date":"2018-08-29T09:52:28","date_gmt":"2018-08-29T09:52:28","guid":{"rendered":"http:\/\/defi-social.com\/wordpress\/?page_id=266"},"modified":"2020-11-05T18:32:27","modified_gmt":"2020-11-05T17:32:27","slug":"evaluation-interne","status":"publish","type":"page","link":"https:\/\/defi-social.com\/index.php\/logiciels\/evaluation-interne\/","title":{"rendered":"Evaluation interne"},"content":{"rendered":"<h1><span style=\"color: #333399;\">Le logiciel Ev@lActions<\/span><\/h1>\n<p><span style=\"color: #333399;\">Cet outil r\u00e9pond aux besoins \u00e9manant des lois en vigueurs (2002, 2005, et projets 2009) concernant l&#8217;<strong>\u00e9valuation interne et externe des prestations des \u00e9tablissements et services sociaux et m\u00e9dico-sociaux.<\/strong><\/span><\/p>\n<p><iframe loading=\"lazy\" src=\"https:\/\/www.youtube.com\/embed\/8PPptx3qqbI\" width=\"640\" height=\"360\" frameborder=\"0\" allowfullscreen=\"allowfullscreen\"><\/iframe><\/p>\n<p><span style=\"color: #333399;\">La grande innovation de cet outil r\u00e9side dans le fait que rien n\u2019est impos\u00e9 et donc que tout est \u00e0 poser. Il s\u2019agit ici d\u2019un logiciel universel de gestion des \u00e9valuations et actions correctives.<\/span><\/p>\n<h2><span style=\"color: #333399;\">Une personnalisation de vos \u00e9valuations selon votre r\u00e9f\u00e9rentiel\u00a0<\/span><\/h2>\n<p><span style=\"color: #333399;\">Ev@lactions est un logiciel universel de gestion des \u00e9valuations et actions correctives. Nous reprenons votre propre r\u00e9f\u00e9rentiel, qu\u2019il soit issu d\u2019une r\u00e9flexion interne d\u2019\u00e9laboration, ou d\u2019une acquisition externe.\u00a0Nos techniciens chargent l\u2019int\u00e9gralit\u00e9 de vos items dans Ev@lActions et vous pouvez commencer la conduite de vos \u00e9valuations.\u00a0\u00c0 tout moment, vous \u00eates ma\u00eetre de l\u2019\u00e9laboration de votre r\u00e9f\u00e9rentiel, vous pouvez modifier, supprimer, et ajouter des \u00e9l\u00e9ments.<\/span><\/p>\n<p><span style=\"color: #333399;\">Vous d\u00e9terminez vous-m\u00eame les axes de progr\u00e8s, vous pond\u00e9rez l\u2019importance de l\u2019ensemble de vos questionnements afin d\u2019en extraire des analyses et orientations coh\u00e9rentes.\u00a0Vous distribuez vous-m\u00eame les diff\u00e9rents questionnements aux groupes de participants concern\u00e9s.<\/span><\/p>\n<p><span style=\"color: #333399;\">Vous pouvez travailler en mode participatif en r\u00e9partissant les \u00e9valuations et actions dans diff\u00e9rents groupes. Vous pouvez travailler \u00e0 tout moment et de n\u2019importe o\u00f9 gr\u00e2ce \u00e0 son mode tactile sur tablettes.<\/span><\/p>\n<p><span style=\"color: #333399;\">Vous b\u00e9n\u00e9ficiez d\u2019une exploitation simple, attractive et pertinente.<\/span><\/p>\n<h2><span style=\"color: #333399;\">Suivre ses diff\u00e9rentes \u00e9valuations internes<\/span><\/h2>\n<p><a href=\"http:\/\/defi-social.com\/wordpress\/wp-content\/uploads\/Eval.jpg\"><img decoding=\"async\" loading=\"lazy\" class=\"aligncenter wp-image-543 size-full\" src=\"https:\/\/defi-social.com\/wp-content\/uploads\/2018\/09\/Eval.jpg\" alt=\"Illustration : \u00e9valuation interne des structures m\u00e9dico-sociales\" width=\"352\" height=\"260\" srcset=\"https:\/\/defi-social.com\/wp-content\/uploads\/2018\/09\/Eval.jpg 352w, https:\/\/defi-social.com\/wp-content\/uploads\/2018\/09\/Eval-300x222.jpg 300w\" sizes=\"(max-width: 352px) 100vw, 352px\" \/><\/a><\/p>\n<p><span style=\"color: #333399;\">Eval@ctions est un outil indispensable pour la mise en place, le suivi des \u00e9valuations internes et \u00e0 la conduite des diff\u00e9rentes actions d\u2019am\u00e9lioration de la Qualit\u00e9 sur le terrain.<\/span><\/p>\n<p><span style=\"color: #333399;\">Partage, \u00e9change entre les professionnels : \u00a0il met en avant les axes d\u2019am\u00e9lioration des bonnes pratiques professionnels\u2026<\/span><\/p>\n<h2><span style=\"color: #333399;\">\u00catre en accord avec la loi du 2 janvier 2002<\/span><\/h2>\n<p>\u00a0<\/p>\n<p><img decoding=\"async\" loading=\"lazy\" class=\"aligncenter wp-image-544 size-full\" src=\"https:\/\/defi-social.com\/wp-content\/uploads\/2018\/09\/Eval3.jpg\" alt=\"\" width=\"160\" height=\"160\" srcset=\"https:\/\/defi-social.com\/wp-content\/uploads\/2018\/09\/Eval3.jpg 160w, https:\/\/defi-social.com\/wp-content\/uploads\/2018\/09\/Eval3-150x150.jpg 150w\" sizes=\"(max-width: 160px) 100vw, 160px\" \/><\/p>\n<p><span style=\"color: #333399;\">La <a style=\"color: #333399;\" href=\"https:\/\/www.legifrance.gouv.fr\/affichTexte.do?cidTexte=JORFTEXT000000215460&amp;categorieLien=id\">loi du 2 janvier 2002<\/a> qui r\u00e9nove l\u2019action sociale et m\u00e9dico-sociale oblige les <strong>\u00e9tablissements sociaux et m\u00e9dico-sociaux<\/strong> (ESMS) \u00e0 s\u2019inscrire dans une d\u00e9marche d\u2019\u00e9valuation. Cette d\u00e9marche comprend une \u00e9valuation interne \u00e0 laquelle les \u00e9tablissements et services doivent proc\u00e9der, qui doit viser : \u00ab<em>l\u2019\u00e9valuation de leurs activit\u00e9s et de la qualit\u00e9 des prestations qu\u2019ils d\u00e9livrent<\/em>\u00bb.<\/span><\/p>\n<p><span style=\"color: #333399;\">Vos premi\u00e8res \u00e9valuations internes ont d\u00e9j\u00e0 \u00e9t\u00e9 men\u00e9es. Vous en \u00eates aujourd\u2019hui \u00e0 la phase suivie, exploitation des enqu\u00eates, mise en place des actions correctives et de leurs suivie.<\/span><\/p>\n<p>\u00a0<\/p>\n<p><img decoding=\"async\" loading=\"lazy\" class=\"aligncenter wp-image-545 size-medium\" src=\"https:\/\/defi-social.com\/wp-content\/uploads\/2018\/09\/Graphes-300x117.png\" alt=\"\" width=\"300\" height=\"117\" srcset=\"https:\/\/defi-social.com\/wp-content\/uploads\/2018\/09\/Graphes-300x117.png 300w, https:\/\/defi-social.com\/wp-content\/uploads\/2018\/09\/Graphes-768x298.png 768w, https:\/\/defi-social.com\/wp-content\/uploads\/2018\/09\/Graphes.png 883w\" sizes=\"(max-width: 300px) 100vw, 300px\" \/><\/p>\n\n\n<div class=\"wp-block-file\"><a href=\"https:\/\/defi-social.com\/wp-content\/uploads\/2020\/11\/Plaquette-Ev@lactions.pdf\">Plaquette-Ev@lactions<\/a><a href=\"https:\/\/defi-social.com\/wp-content\/uploads\/2020\/11\/Plaquette-Ev@lactions.pdf\" class=\"wp-block-file__button\" download>T\u00e9l\u00e9charger<\/a><\/div>\n\n\n\n<p><\/p>\n","protected":false},"excerpt":{"rendered":"<p>Le logiciel Ev@lActions Cet outil r\u00e9pond aux besoins \u00e9manant des lois en vigueurs (2002, 2005, et projets 2009) concernant l&#8217;\u00e9valuation interne et externe des prestations des \u00e9tablissements et services sociaux et m\u00e9dico-sociaux. La grande innovation de cet outil r\u00e9side dans le fait que rien n\u2019est impos\u00e9 et donc que tout est \u00e0 poser. Il s\u2019agit &hellip; <\/p>\n<p class=\"link-more\"><a href=\"https:\/\/defi-social.com\/index.php\/logiciels\/evaluation-interne\/\" class=\"more-link\">Continuer la lecture<span class=\"screen-reader-text\"> de &laquo;&nbsp;Evaluation interne&nbsp;&raquo;<\/span><\/a><\/p>\n","protected":false},"author":3,"featured_media":0,"parent":79,"menu_order":0,"comment_status":"closed","ping_status":"closed","template":"","meta":[],"_links":{"self":[{"href":"https:\/\/defi-social.com\/index.php\/wp-json\/wp\/v2\/pages\/266"}],"collection":[{"href":"https:\/\/defi-social.com\/index.php\/wp-json\/wp\/v2\/pages"}],"about":[{"href":"https:\/\/defi-social.com\/index.php\/wp-json\/wp\/v2\/types\/page"}],"author":[{"embeddable":true,"href":"https:\/\/defi-social.com\/index.php\/wp-json\/wp\/v2\/users\/3"}],"replies":[{"embeddable":true,"href":"https:\/\/defi-social.com\/index.php\/wp-json\/wp\/v2\/comments?post=266"}],"version-history":[{"count":2,"href":"https:\/\/defi-social.com\/index.php\/wp-json\/wp\/v2\/pages\/266\/revisions"}],"predecessor-version":[{"id":3219,"href":"https:\/\/defi-social.com\/index.php\/wp-json\/wp\/v2\/pages\/266\/revisions\/3219"}],"up":[{"embeddable":true,"href":"https:\/\/defi-social.com\/index.php\/wp-json\/wp\/v2\/pages\/79"}],"wp:attachment":[{"href":"https:\/\/defi-social.com\/index.php\/wp-json\/wp\/v2\/media?parent=266"}],"curies":[{"name":"wp","href":"https:\/\/api.w.org\/{rel}","templated":true}]}}