{"id":273,"date":"2018-08-29T09:58:40","date_gmt":"2018-08-29T09:58:40","guid":{"rendered":"http:\/\/defi-social.com\/wordpress\/?page_id=273"},"modified":"2023-09-25T16:27:08","modified_gmt":"2023-09-25T14:27:08","slug":"gestion-commerciale","status":"publish","type":"page","link":"https:\/\/defi-social.com\/index.php\/logiciels\/gestion-commerciale\/","title":{"rendered":"Gestion commerciale"},"content":{"rendered":"<h1><span style=\"color: #333399;\">Le logiciel ACGPro<\/span><\/h1>\n<p><span style=\"color: #333399;\">Un vrai travail d\u2019\u00e9quipe autour du service rendu \u00e0 votre client\u00e8le dans un principe Qualit\u00e9. <\/span><\/p>\n<p><span style=\"color: #333399;\">La gestion commerciale s\u2019effectue en cha\u00eene, du devis \u00e0 la facturation, pour les ventes et les achats. Gr\u00e2ce \u00e0 de simples clics, les \u00e9quipes avancent \u00e9tape par \u00e9tape sans ressaisie, sans risque d&#8217;erreur. Depuis les ateliers vous faites remonter les informations n\u00e9cessaires au service charg\u00e9 de la facturation.<\/span><\/p>\n<p><span style=\"color: #333399;\">Nous vous accompagnons dans la mise en place du param\u00e9trage de cet outil.<\/span><\/p>\n<p><span style=\"color: #333399;\"><img decoding=\"async\" loading=\"lazy\" class=\"alignnone wp-image-274 size-full\" style=\"font-size: 1rem;\" src=\"https:\/\/defi-social.com\/wp-content\/uploads\/2018\/08\/business-3167295_960_720.jpg\" alt=\"Gestion commerciale des ESAT\" width=\"960\" height=\"640\" srcset=\"https:\/\/defi-social.com\/wp-content\/uploads\/2018\/08\/business-3167295_960_720.jpg 960w, https:\/\/defi-social.com\/wp-content\/uploads\/2018\/08\/business-3167295_960_720-300x200.jpg 300w, https:\/\/defi-social.com\/wp-content\/uploads\/2018\/08\/business-3167295_960_720-768x512.jpg 768w\" sizes=\"(max-width: 706px) 89vw, (max-width: 767px) 82vw, 740px\" \/><\/span><\/p>\n<h2><span style=\"color: #333399;\">Un outil de gestion commerciale sur-mesure, sp\u00e9cial ESAT<\/span><\/h2>\n<p><span style=\"color: #333399;\">Cet outil est le fruit de la recherche d&#8217;un <strong>groupement d&#8217;ESAT <\/strong>depuis plus de 20 ans pour vous&nbsp;offrir&nbsp;l&#8217;efficacit\u00e9 n\u00e9cessaire \u00e0 l&#8217;ensemble de vos travaux de sous-traitance, de mise \u00e0 disposition et de production propre.<\/span><\/p>\n<p><span style=\"color: #333399;\">Nos formateurs sont des experts dans le domaine de la gestion d&#8217;entreprises et de la comptabilit\u00e9. Ils sont pr\u00e9sents pour vous conseiller et vous aider \u00e0 mettre en place votre <strong>outil de gestion commerciale et de production<\/strong>.<\/span><\/p>\n<h2><span style=\"color: #333399;\">Un logiciel de gestion pluridisciplinaire pour les ESAT<\/span><\/h2>\n<p><span style=\"color: #333399;\">A tout moment, les responsables de la structure peuvent suivre de leur bureau l\u2019avancement des travaux clients. Vous avez \u00e0 votre disposition des bases articles, clients, fournisseurs vous permettant un vrai travail professionnel. De nombreuses applications sont possibles. Les \u00e9tablissements y g\u00e8rent \u00e0 la fois les op\u00e9rations de sous-traitance, production propre, les espaces verts\u2026 Vous g\u00e9rez et assurez le suivi de vos r\u00e8glements clients. Vous g\u00e9rez vos stocks ou ceux de vos clients par d\u00e9p\u00f4t ou par atelier. Vous g\u00e9rez \u00e9galement vos approvisionnements.<\/span><\/p>\n<table style=\"height: 26px; width: 100%; border-collapse: collapse;\" border=\"0\">\n<tbody>\n<tr style=\"height: 26px;\">\n<td style=\"width: 25%; height: 26px; text-align: center;\"><span style=\"color: #333399;\"><img decoding=\"async\" loading=\"lazy\" class=\"alignnone wp-image-558 size-full\" src=\"https:\/\/defi-social.com\/wp-content\/uploads\/2018\/09\/Travail12.jpg\" alt=\"Gestion commerciale des ESAT\" width=\"225\" height=\"225\" srcset=\"https:\/\/defi-social.com\/wp-content\/uploads\/2018\/09\/Travail12.jpg 225w, https:\/\/defi-social.com\/wp-content\/uploads\/2018\/09\/Travail12-150x150.jpg 150w\" sizes=\"(max-width: 225px) 100vw, 225px\" \/><\/span><\/td>\n<td style=\"width: 25%; height: 26px; text-align: center;\"><span style=\"color: #333399;\"><img decoding=\"async\" loading=\"lazy\" class=\"alignnone wp-image-557 size-full\" src=\"https:\/\/defi-social.com\/wp-content\/uploads\/2018\/09\/Travail3.jpg\" alt=\"Gestion commerciale des ESAT\" width=\"300\" height=\"300\" srcset=\"https:\/\/defi-social.com\/wp-content\/uploads\/2018\/09\/Travail3.jpg 300w, https:\/\/defi-social.com\/wp-content\/uploads\/2018\/09\/Travail3-150x150.jpg 150w\" sizes=\"(max-width: 300px) 100vw, 300px\" \/><\/span><\/td>\n<td style=\"width: 25%; height: 26px; text-align: center;\"><span style=\"color: #333399;\"><img decoding=\"async\" loading=\"lazy\" class=\"alignnone wp-image-556 size-full\" src=\"https:\/\/defi-social.com\/wp-content\/uploads\/2018\/09\/Travail2.jpg\" alt=\"Gestion commerciale des ESAT\" width=\"300\" height=\"300\" srcset=\"https:\/\/defi-social.com\/wp-content\/uploads\/2018\/09\/Travail2.jpg 300w, https:\/\/defi-social.com\/wp-content\/uploads\/2018\/09\/Travail2-150x150.jpg 150w\" sizes=\"(max-width: 300px) 100vw, 300px\" \/><\/span><\/td>\n<td style=\"width: 25%; height: 26px; text-align: center;\"><span style=\"color: #333399;\"><img decoding=\"async\" loading=\"lazy\" class=\"alignnone wp-image-555 size-full\" src=\"https:\/\/defi-social.com\/wp-content\/uploads\/2018\/09\/Travail1.jpg\" alt=\"Gestion commerciale des ESAT\" width=\"300\" height=\"300\" srcset=\"https:\/\/defi-social.com\/wp-content\/uploads\/2018\/09\/Travail1.jpg 300w, https:\/\/defi-social.com\/wp-content\/uploads\/2018\/09\/Travail1-150x150.jpg 150w\" sizes=\"(max-width: 300px) 100vw, 300px\" \/><\/span><\/td>\n<\/tr>\n<\/tbody>\n<\/table>\n<p><span style=\"color: #333399;\">ACGPro vous offre des \u00e9tats clairs et d\u00e9taill\u00e9s. ACGPro fonctionne en liaison avec plusieurs <strong>logiciels de comptabilit\u00e9<\/strong> (CEGI, ALPHA, COMPT\u2019Or\u2026) ACGPro g\u00e8re les \u00e9quivalences d\u2019heures.<\/span><\/p>\n<p><span style=\"color: #333399;\">A tout moment, vous \u00eates ma\u00eetre de votre param\u00e9trage. Vous pouvez modifier supprimer, ajouter des \u00e9l\u00e9ments.<\/span><\/p>\n<h2><span style=\"color: #333399;\">Un outil d&#8217;optimisation de la gestion commerciale<\/span><\/h2>\n<p><span style=\"color: #333399;\">Vous disposez \u00e9galement d&#8217;un large \u00e9ventail d&#8217;analyses statistiques afin d&#8217;optimiser votre<strong> gestion commerciale<\/strong>.<\/span><\/p>\n<p><span style=\"color: #333399;\"><a style=\"color: #333399;\" href=\"http:\/\/defi-social.com\/wordpress\/wp-content\/uploads\/ImageACGPro.png\"><img decoding=\"async\" loading=\"lazy\" class=\"aligncenter wp-image-554 size-large\" src=\"https:\/\/defi-social.com\/wp-content\/uploads\/2018\/09\/ImageACGPro-1024x626.png\" alt=\"Optimisation de la gestion commerciale des ESAT\" width=\"525\" height=\"321\" srcset=\"https:\/\/defi-social.com\/wp-content\/uploads\/2018\/09\/ImageACGPro-1024x626.png 1024w, https:\/\/defi-social.com\/wp-content\/uploads\/2018\/09\/ImageACGPro-300x183.png 300w, https:\/\/defi-social.com\/wp-content\/uploads\/2018\/09\/ImageACGPro-768x470.png 768w, https:\/\/defi-social.com\/wp-content\/uploads\/2018\/09\/ImageACGPro.png 1390w\" sizes=\"(max-width: 525px) 100vw, 525px\" \/><\/a><\/span><\/p>\n\n\n<div class=\"wp-block-file\"><a id=\"wp-block-file--media-829635b9-c6a0-4fae-a297-314400588ade\" href=\"https:\/\/defi-social.com\/wp-content\/uploads\/2020\/11\/Plaquette-ACGPro.pdf\">Plaquette-ACGPro<\/a><a href=\"https:\/\/defi-social.com\/wp-content\/uploads\/2020\/11\/Plaquette-ACGPro.pdf\" class=\"wp-block-file__button wp-element-button\" download aria-describedby=\"wp-block-file--media-829635b9-c6a0-4fae-a297-314400588ade\">T\u00e9l\u00e9charger<\/a><\/div>\n\n\n\n<pre class=\"wp-block-code\"><code><\/code><\/pre>\n\n\n\n<script type=\"text\/javascript\">\n(function() {\n    window.sib = {\n        equeue: [],\n        client_key: \"s1qfgxcvfr0okmyrakqyheyr\"\n    };\n    \/* OPTIONAL: email for identify request*\/\n    \/\/ window.sib.email_id = 'example@domain.com';\n    window.sendinblue = {};\n    for (var j = ['track', 'identify', 'trackLink', 'page'], i = 0; i < j.length; i++) {\n    (function(k) {\n        window.sendinblue[k] = function() {\n            var arg = Array.prototype.slice.call(arguments);\n            (window.sib[k] || function() {\n                    var t = {};\n                    t[k] = arg;\n                    window.sib.equeue.push(t);\n                })(arg[0], arg[1], arg[2], arg[3]);\n            };\n        })(j[i]);\n    }\n    var n = document.createElement(\"script\"),\n        i = document.getElementsByTagName(\"script\")[0];\n    n.type = \"text\/javascript\", n.id = \"sendinblue-js\", n.async = !0, n.src = \"https:\/\/sibautomation.com\/sa.js?key=\" + window.sib.client_key, i.parentNode.insertBefore(n, i), window.sendinblue.page();\n})();\n<\/script>\n\n\n\n<!-- Brevo Conversations {literal} -->\n<script>\n    (function(d, w, c) {\n        w.BrevoConversationsID = '6500766e4e15e5103073e9cb';\n        w[c] = w[c] || function() {\n            (w[c].q = w[c].q || []).push(arguments);\n        };\n        var s = d.createElement('script');\n        s.async = true;\n        s.src = 'https:\/\/conversations-widget.brevo.com\/brevo-conversations.js';\n        if (d.head) d.head.appendChild(s);\n    })(document, window, 'BrevoConversations');\n<\/script>\n<!-- \/Brevo Conversations {\/literal} -->\n","protected":false},"excerpt":{"rendered":"<p>Le logiciel ACGPro Un vrai travail d\u2019\u00e9quipe autour du service rendu \u00e0 votre client\u00e8le dans un principe Qualit\u00e9. La gestion commerciale s\u2019effectue en cha\u00eene, du devis \u00e0 la facturation, pour les ventes et les achats. Gr\u00e2ce \u00e0 de simples clics, les \u00e9quipes avancent \u00e9tape par \u00e9tape sans ressaisie, sans risque d&#8217;erreur. Depuis les ateliers vous &hellip; <\/p>\n<p class=\"link-more\"><a href=\"https:\/\/defi-social.com\/index.php\/logiciels\/gestion-commerciale\/\" class=\"more-link\">Continuer la lecture<span class=\"screen-reader-text\"> de &laquo;&nbsp;Gestion commerciale&nbsp;&raquo;<\/span><\/a><\/p>\n","protected":false},"author":3,"featured_media":0,"parent":79,"menu_order":0,"comment_status":"closed","ping_status":"closed","template":"","meta":[],"_links":{"self":[{"href":"https:\/\/defi-social.com\/index.php\/wp-json\/wp\/v2\/pages\/273"}],"collection":[{"href":"https:\/\/defi-social.com\/index.php\/wp-json\/wp\/v2\/pages"}],"about":[{"href":"https:\/\/defi-social.com\/index.php\/wp-json\/wp\/v2\/types\/page"}],"author":[{"embeddable":true,"href":"https:\/\/defi-social.com\/index.php\/wp-json\/wp\/v2\/users\/3"}],"replies":[{"embeddable":true,"href":"https:\/\/defi-social.com\/index.php\/wp-json\/wp\/v2\/comments?post=273"}],"version-history":[{"count":5,"href":"https:\/\/defi-social.com\/index.php\/wp-json\/wp\/v2\/pages\/273\/revisions"}],"predecessor-version":[{"id":3969,"href":"https:\/\/defi-social.com\/index.php\/wp-json\/wp\/v2\/pages\/273\/revisions\/3969"}],"up":[{"embeddable":true,"href":"https:\/\/defi-social.com\/index.php\/wp-json\/wp\/v2\/pages\/79"}],"wp:attachment":[{"href":"https:\/\/defi-social.com\/index.php\/wp-json\/wp\/v2\/media?parent=273"}],"curies":[{"name":"wp","href":"https:\/\/api.w.org\/{rel}","templated":true}]}}