{"id":281,"date":"2018-08-29T10:11:40","date_gmt":"2018-08-29T10:11:40","guid":{"rendered":"http:\/\/defi-social.com\/wordpress\/?page_id=281"},"modified":"2020-11-05T18:38:12","modified_gmt":"2020-11-05T17:38:12","slug":"les-risques-professionnels","status":"publish","type":"page","link":"https:\/\/defi-social.com\/index.php\/logiciels\/les-risques-professionnels\/","title":{"rendered":"Les risques professionnels"},"content":{"rendered":"<h1><span style=\"color: #333399;\">Le logiciel Ev@lRisques<\/span><\/h1>\n<p><span style=\"color: #333399;\">La <strong>pr\u00e9vention des risques professionnels<\/strong> repr\u00e9sente l\u2019ensemble des dispositions \u00e0 mettre en \u0153uvre pour pr\u00e9server la\u00a0sant\u00e9 et la s\u00e9curit\u00e9\u00a0des salari\u00e9s, am\u00e9liorer les\u00a0conditions de travail\u00a0et tendre au\u00a0bien-\u00eatre\u00a0au travail. Il s&#8217;agit d&#8217;une\u00a0obligation r\u00e9glementaire\u00a0qui s&#8217;impose \u00e0 tous les secteurs d\u2019activit\u00e9\u2026<\/span><\/p>\n<h2><img decoding=\"async\" loading=\"lazy\" class=\"aligncenter wp-image-580 size-medium\" src=\"https:\/\/defi-social.com\/wp-content\/uploads\/2018\/09\/Risque-300x238.jpg\" alt=\"Pr\u00e9vention des risques professionnels dans le secteur m\u00e9dico-social\" width=\"300\" height=\"238\" srcset=\"https:\/\/defi-social.com\/wp-content\/uploads\/2018\/09\/Risque-300x238.jpg 300w, https:\/\/defi-social.com\/wp-content\/uploads\/2018\/09\/Risque.jpg 404w\" sizes=\"(max-width: 300px) 100vw, 300px\" \/><\/h2>\n<h2><span style=\"color: #333399;\">La pr\u00e9vention des risques professionnels dans le secteur social et m\u00e9dico-social<\/span><\/h2>\n<p><span style=\"color: #333399;\">L&#8217;<strong>\u00e9valuation et la pr\u00e9vention des risques professionnels<\/strong> font partie des responsabilit\u00e9s de tout chef d&#8217;entreprise, y compris dans le secteur <strong>social et m\u00e9dico-social<\/strong>. Il est important de pr\u00e9venir les risques\u00a0non seulement pour prot\u00e9ger et am\u00e9liorer les conditions de travail des employ\u00e9s, mais \u00e9galement pour pr\u00e9venir des risques li\u00e9s \u00e0 la sant\u00e9 et inh\u00e9rents \u00e0 la vuln\u00e9rabilit\u00e9 des personnes accueillies.<\/span><\/p>\n<p><span style=\"color: #333399;\">Evaluer les risques potentiels, avant la survenance de dysfonctionnements, d&#8217;accidents ou de maladies, est un pr\u00e9alable indispensable pour construire un plan d&#8217;actions de pr\u00e9vention pertinent.<\/span><\/p>\n<h2><span style=\"color: #333399;\">EvalRisques, un outil simple et efficace pour les \u00e9tablissements sociaux et m\u00e9dico-sociaux<\/span><\/h2>\n<p><span style=\"color: #333399;\">EvalRisques, vous permet par service, unit\u00e9, de mettre en avant des points d\u2019observation g\u00e9n\u00e9rateurs de risques et d\u2019en \u00e9valuer le danger \u00e0 travers la gravit\u00e9, la fr\u00e9quence, la probabilit\u00e9, les moyens d\u2019\u00e9vitement et la pr\u00e9vention mise en place par vos soins.<\/span><\/p>\n<p><span style=\"color: #333399;\">Notre d\u00e9marche, avec cet outil, est de vous aider \u00e0 r\u00e9ussir cette \u00e9tape indispensable et l\u2019inscrire dans le cadre des bonnes pratiques de votre \u00e9tablissement.\u00a0Simple, convivial, et efficace, EvalRisque vous accompagnera dans les diff\u00e9rentes \u00e9tapes de signalement, d\u2019\u00e9valuation et de mise en place d\u2019actions correctives.<\/span><\/p>\n<p><span style=\"color: #333399;\">Chaque intervenant, dans le cadre de la <strong>gestion du risque professionnel<\/strong>, peut mettre en \u0153uvre l\u2019analyse et la gestion des risques de fa\u00e7on tr\u00e8s construite.<\/span><\/p>\n<h2><span style=\"color: #333399;\">Une \u00e9valuation des risques \u00e0 plusieurs \u00e9chelles<\/span><\/h2>\n<p><span style=\"color: #333399;\">Les conduites des actions d\u2019\u00e9valuations peuvent se faire :<\/span><\/p>\n<ul>\n<li><span style=\"color: #333399;\">Par service<\/span><\/li>\n<li><span style=\"color: #333399;\">Par point d\u2019observation<span style=\"font-size: 1rem;\">\u00a0<\/span><\/span><\/li>\n<\/ul>\n<p><span style=\"color: #333399;\">Des effets de r\u00e9currence et de similitude des risques peuvent \u00eatre apport\u00e9s \u00e0 l\u2019ensemble des travaux.<\/span><\/p>\n<table style=\"width: 100%; border-collapse: collapse;\" border=\"0\">\n<tbody>\n<tr>\n<td style=\"width: 25%;\">\n<h2 style=\"padding-top: 1.5em;\"><img decoding=\"async\" loading=\"lazy\" class=\"aligncenter wp-image-582 size-thumbnail\" src=\"https:\/\/defi-social.com\/wp-content\/uploads\/2018\/09\/Risque2-150x150.jpg\" alt=\"Pr\u00e9vention des risques professionnels dans le secteur m\u00e9dico-social\" width=\"150\" height=\"150\" srcset=\"https:\/\/defi-social.com\/wp-content\/uploads\/2018\/09\/Risque2-150x150.jpg 150w, https:\/\/defi-social.com\/wp-content\/uploads\/2018\/09\/Risque2.jpg 225w\" sizes=\"(max-width: 150px) 100vw, 150px\" \/><\/h2>\n<\/td>\n<td style=\"width: 25%;\"><img decoding=\"async\" loading=\"lazy\" class=\"aligncenter wp-image-583 size-thumbnail\" src=\"https:\/\/defi-social.com\/wp-content\/uploads\/2018\/09\/Risque5-150x150.png\" alt=\"Pr\u00e9vention des risques professionnels dans le secteur m\u00e9dico-social\" width=\"150\" height=\"150\" \/><\/td>\n<td style=\"width: 25%;\">\n<h2 style=\"padding-top: 1.5em;\"><img decoding=\"async\" loading=\"lazy\" class=\"aligncenter wp-image-581 size-thumbnail\" src=\"https:\/\/defi-social.com\/wp-content\/uploads\/2018\/09\/Risque1-150x150.jpg\" alt=\"Pr\u00e9vention des risques professionnels dans le secteur m\u00e9dico-social\" width=\"150\" height=\"150\" srcset=\"https:\/\/defi-social.com\/wp-content\/uploads\/2018\/09\/Risque1-150x150.jpg 150w, https:\/\/defi-social.com\/wp-content\/uploads\/2018\/09\/Risque1.jpg 160w\" sizes=\"(max-width: 150px) 100vw, 150px\" \/><\/h2>\n<\/td>\n<td style=\"width: 25%;\">\n<h2 style=\"padding-top: 1.5em;\"><img decoding=\"async\" loading=\"lazy\" class=\"aligncenter wp-image-584 size-thumbnail\" src=\"https:\/\/defi-social.com\/wp-content\/uploads\/2018\/09\/Risque8-150x150.jpg\" alt=\"Pr\u00e9vention des risques professionnels dans le secteur m\u00e9dico-social\" width=\"150\" height=\"150\" srcset=\"https:\/\/defi-social.com\/wp-content\/uploads\/2018\/09\/Risque8-150x150.jpg 150w, https:\/\/defi-social.com\/wp-content\/uploads\/2018\/09\/Risque8.jpg 225w\" sizes=\"(max-width: 150px) 100vw, 150px\" \/><\/h2>\n<\/td>\n<\/tr>\n<\/tbody>\n<\/table>\n<h2>\u00a0<\/h2>\n<h2><span style=\"color: #333399;\">Un outil adapt\u00e9 \u00e0 votre structure m\u00e9dico-sociale<\/span><\/h2>\n<p><span style=\"color: #333399;\">L\u2019alimentation des fichiers de base personnalis\u00e9s permettent \u00e0 l\u2019utilisateur de param\u00e9trer l\u2019outil au plus fin pour l\u2019adapter r\u00e9ellement \u00e0 son environnement. Chaque \u00e9tablissement \u00e0 la possibilit\u00e9 de d\u00e9terminer ses propres portefeuilles danger.<\/span><\/p>\n<p><span style=\"color: #333399;\">A tout moment, l\u2019utilisateur \u00e0 la possibilit\u00e9 de visualiser l\u2019\u00e9volution\u00a0ou la r\u00e9gression des risques identifi\u00e9s. Il peut ainsi mettre en place des actions correctives. Des graphiques pertinents vous indiquent de fa\u00e7on attrayante les diff\u00e9rents \u00e9carts.<\/span><\/p>\n<p><img decoding=\"async\" loading=\"lazy\" class=\"alignnone wp-image-585 size-full\" src=\"https:\/\/defi-social.com\/wp-content\/uploads\/2018\/09\/EvalRisque.png\" alt=\"Pr\u00e9vention des risques professionnels dans le secteur m\u00e9dico-social\" width=\"1230\" height=\"494\" srcset=\"https:\/\/defi-social.com\/wp-content\/uploads\/2018\/09\/EvalRisque.png 1230w, https:\/\/defi-social.com\/wp-content\/uploads\/2018\/09\/EvalRisque-300x120.png 300w, https:\/\/defi-social.com\/wp-content\/uploads\/2018\/09\/EvalRisque-1024x411.png 1024w, https:\/\/defi-social.com\/wp-content\/uploads\/2018\/09\/EvalRisque-768x308.png 768w\" sizes=\"(max-width: 706px) 89vw, (max-width: 767px) 82vw, 740px\" \/><\/p>\n\n\n<div class=\"wp-block-file\"><a href=\"https:\/\/defi-social.com\/wp-content\/uploads\/2020\/11\/Plaquette-EvalRisque.pdf\">Plaquette-EvalRisque<\/a><a href=\"https:\/\/defi-social.com\/wp-content\/uploads\/2020\/11\/Plaquette-EvalRisque.pdf\" class=\"wp-block-file__button\" download>T\u00e9l\u00e9charger<\/a><\/div>\n","protected":false},"excerpt":{"rendered":"<p>Le logiciel Ev@lRisques La pr\u00e9vention des risques professionnels repr\u00e9sente l\u2019ensemble des dispositions \u00e0 mettre en \u0153uvre pour pr\u00e9server la\u00a0sant\u00e9 et la s\u00e9curit\u00e9\u00a0des salari\u00e9s, am\u00e9liorer les\u00a0conditions de travail\u00a0et tendre au\u00a0bien-\u00eatre\u00a0au travail. Il s&#8217;agit d&#8217;une\u00a0obligation r\u00e9glementaire\u00a0qui s&#8217;impose \u00e0 tous les secteurs d\u2019activit\u00e9\u2026 La pr\u00e9vention des risques professionnels dans le secteur social et m\u00e9dico-social L&#8217;\u00e9valuation et la pr\u00e9vention &hellip; <\/p>\n<p class=\"link-more\"><a href=\"https:\/\/defi-social.com\/index.php\/logiciels\/les-risques-professionnels\/\" class=\"more-link\">Continuer la lecture<span class=\"screen-reader-text\"> de &laquo;&nbsp;Les risques professionnels&nbsp;&raquo;<\/span><\/a><\/p>\n","protected":false},"author":3,"featured_media":0,"parent":79,"menu_order":0,"comment_status":"closed","ping_status":"closed","template":"","meta":[],"_links":{"self":[{"href":"https:\/\/defi-social.com\/index.php\/wp-json\/wp\/v2\/pages\/281"}],"collection":[{"href":"https:\/\/defi-social.com\/index.php\/wp-json\/wp\/v2\/pages"}],"about":[{"href":"https:\/\/defi-social.com\/index.php\/wp-json\/wp\/v2\/types\/page"}],"author":[{"embeddable":true,"href":"https:\/\/defi-social.com\/index.php\/wp-json\/wp\/v2\/users\/3"}],"replies":[{"embeddable":true,"href":"https:\/\/defi-social.com\/index.php\/wp-json\/wp\/v2\/comments?post=281"}],"version-history":[{"count":1,"href":"https:\/\/defi-social.com\/index.php\/wp-json\/wp\/v2\/pages\/281\/revisions"}],"predecessor-version":[{"id":3224,"href":"https:\/\/defi-social.com\/index.php\/wp-json\/wp\/v2\/pages\/281\/revisions\/3224"}],"up":[{"embeddable":true,"href":"https:\/\/defi-social.com\/index.php\/wp-json\/wp\/v2\/pages\/79"}],"wp:attachment":[{"href":"https:\/\/defi-social.com\/index.php\/wp-json\/wp\/v2\/media?parent=281"}],"curies":[{"name":"wp","href":"https:\/\/api.w.org\/{rel}","templated":true}]}}