{"id":3556,"date":"2020-12-15T13:08:20","date_gmt":"2020-12-15T12:08:20","guid":{"rendered":"https:\/\/defi-social.com\/?page_id=3556"},"modified":"2020-12-15T13:08:21","modified_gmt":"2020-12-15T12:08:21","slug":"reclamation-sur-les-formations","status":"publish","type":"page","link":"https:\/\/defi-social.com\/index.php\/reclamation-sur-les-formations\/","title":{"rendered":"R\u00e9clamation sur les formations"},"content":{"rendered":"\n<div class=\"wp-block-image\"><figure class=\"aligncenter size-large is-resized\"><img decoding=\"async\" loading=\"lazy\" src=\"https:\/\/defi-social.com\/wp-content\/uploads\/2020\/10\/ReclamationFormation.jpg\" alt=\"\" class=\"wp-image-3555\" width=\"248\" height=\"169\" srcset=\"https:\/\/defi-social.com\/wp-content\/uploads\/2020\/10\/ReclamationFormation.jpg 330w, https:\/\/defi-social.com\/wp-content\/uploads\/2020\/10\/ReclamationFormation-300x205.jpg 300w\" sizes=\"(max-width: 248px) 100vw, 248px\" \/><\/figure><\/div>\n\n\n\n<div class=\"wpcf7 no-js\" id=\"wpcf7-f3553-o1\" lang=\"fr-FR\" dir=\"ltr\">\n<div class=\"screen-reader-response\"><p role=\"status\" aria-live=\"polite\" aria-atomic=\"true\"><\/p> <ul><\/ul><\/div>\n<form action=\"\/index.php\/wp-json\/wp\/v2\/pages\/3556#wpcf7-f3553-o1\" method=\"post\" class=\"wpcf7-form init\" aria-label=\"Formulaire de contact\" enctype=\"multipart\/form-data\" novalidate=\"novalidate\" data-status=\"init\">\n<div style=\"display: none;\">\n<input type=\"hidden\" name=\"_wpcf7\" value=\"3553\" \/>\n<input type=\"hidden\" name=\"_wpcf7_version\" value=\"5.7.7\" \/>\n<input type=\"hidden\" name=\"_wpcf7_locale\" value=\"fr_FR\" \/>\n<input type=\"hidden\" name=\"_wpcf7_unit_tag\" value=\"wpcf7-f3553-o1\" \/>\n<input type=\"hidden\" name=\"_wpcf7_container_post\" value=\"0\" \/>\n<input type=\"hidden\" name=\"_wpcf7_posted_data_hash\" value=\"\" \/>\n<input type=\"hidden\" name=\"_wpcf7_recaptcha_response\" value=\"\" \/>\n<\/div>\n<p><label> Votre association<br \/>\n<span class=\"wpcf7-form-control-wrap\" data-name=\"your-association\"><input size=\"40\" class=\"wpcf7-form-control wpcf7-text wpcf7-validates-as-required\" aria-required=\"true\" aria-invalid=\"false\" value=\"\" type=\"text\" name=\"your-association\" \/><\/span> <\/label>\n<\/p>\n<p><label> Votre nom<br \/>\n<span class=\"wpcf7-form-control-wrap\" data-name=\"your-name\"><input size=\"40\" class=\"wpcf7-form-control wpcf7-text wpcf7-validates-as-required\" aria-required=\"true\" aria-invalid=\"false\" value=\"\" type=\"text\" name=\"your-name\" \/><\/span> <\/label>\n<\/p>\n<p><label> Votre \u00e9tablissement<br \/>\n<span class=\"wpcf7-form-control-wrap\" data-name=\"your-etablissement\"><input size=\"40\" class=\"wpcf7-form-control wpcf7-text wpcf7-validates-as-required\" aria-required=\"true\" aria-invalid=\"false\" value=\"\" type=\"text\" name=\"your-etablissement\" \/><\/span> <\/label>\n<\/p>\n<p><label> Votre n\u00b0 de t\u00e9l\u00e9phone<br \/>\n<span class=\"wpcf7-form-control-wrap\" data-name=\"your-phonenumber\"><input size=\"40\" class=\"wpcf7-form-control wpcf7-text wpcf7-validates-as-required\" aria-required=\"true\" aria-invalid=\"false\" value=\"\" type=\"text\" name=\"your-phonenumber\" \/><\/span> <\/label>\n<\/p>\n<p><label> Votre adresse mail<br \/>\n<span class=\"wpcf7-form-control-wrap\" data-name=\"your-email\"><input size=\"40\" class=\"wpcf7-form-control wpcf7-text wpcf7-email wpcf7-validates-as-required wpcf7-validates-as-email\" aria-required=\"true\" aria-invalid=\"false\" value=\"\" type=\"email\" name=\"your-email\" \/><\/span> <\/label>\n<\/p>\n<p><label> Th\u00e8me de la formation abord\u00e9.<br \/>\n<span class=\"wpcf7-form-control-wrap\" data-name=\"ThemeAborde\"><select class=\"wpcf7-form-control wpcf7-select wpcf7-validates-as-required\" aria-required=\"true\" aria-invalid=\"false\" name=\"ThemeAborde\"><option value=\"\">&#8212;Veuillez choisir une option&#8212;<\/option><option value=\"Social\">Social<\/option><option value=\"Administratif\">Administratif<\/option><option value=\"M\u00e9dical\">M\u00e9dical<\/option><option value=\"Comptable\">Comptable<\/option><option value=\"Tous les th\u00e8mes\">Tous les th\u00e8mes<\/option><\/select><\/span> <\/label>\n<\/p>\n<p><label> Population concern\u00e9e<br \/>\n<span class=\"wpcf7-form-control-wrap\" data-name=\"PopulationConcernee\"><select class=\"wpcf7-form-control wpcf7-select wpcf7-validates-as-required\" aria-required=\"true\" aria-invalid=\"false\" name=\"PopulationConcernee\"><option value=\"\">&#8212;Veuillez choisir une option&#8212;<\/option><option value=\"Pilotes du dispositif\">Pilotes du dispositif<\/option><option value=\"Personnel \u00e9ducatif\">Personnel \u00e9ducatif<\/option><option value=\"Personnel administratif\">Personnel administratif<\/option><option value=\"Personnel m\u00e9dical et ou param\u00e9dical\">Personnel m\u00e9dical et ou param\u00e9dical<\/option><option value=\"Personnel comptable\">Personnel comptable<\/option><option value=\"Toute la population\">Toute la population<\/option><\/select><\/span> <\/label>\n<\/p>\n<p><label> D\u00e9taillez ici le probl\u00e8me constat\u00e9. :<br \/>\n<span class=\"wpcf7-form-control-wrap\" data-name=\"Details\"><textarea cols=\"40\" rows=\"10\" class=\"wpcf7-form-control wpcf7-textarea wpcf7-validates-as-required\" aria-required=\"true\" aria-invalid=\"false\" name=\"Details\"><\/textarea><\/span> <\/label>\n<\/p>\n<p><label> D\u00e9taillez ici les causes qui semblent \u00eatre \u00e0 l'origine du probl\u00e8me. :<br \/>\n<span class=\"wpcf7-form-control-wrap\" data-name=\"Causes\"><textarea cols=\"40\" rows=\"10\" class=\"wpcf7-form-control wpcf7-textarea wpcf7-validates-as-required\" aria-required=\"true\" aria-invalid=\"false\" name=\"Causes\"><\/textarea><\/span> <\/label>\n<\/p>\n<p><label> Joindre une pi\u00e8ce<br \/>\n<span class=\"wpcf7-form-control-wrap\" data-name=\"file-727\"><input size=\"40\" class=\"wpcf7-form-control wpcf7-file\" accept=\"audio\/*,video\/*,image\/*\" aria-invalid=\"false\" type=\"file\" name=\"file-727\" \/><\/span> <\/label>\n<\/p>\n<p><label><br \/>\n<span class=\"wpcf7-form-control-wrap\" data-name=\"text-721\"><input size=\"40\" class=\"wpcf7-form-control wpcf7-text hidden\" aria-invalid=\"false\" value=\"\" type=\"text\" name=\"text-721\" \/><\/span> <\/label>\n<\/p>\n<p><input class=\"wpcf7-form-control has-spinner wpcf7-submit\" type=\"submit\" value=\"Envoyer\" \/>\n<\/p><div class=\"wpcf7-response-output\" aria-hidden=\"true\"><\/div>\n<\/form>\n<\/div>\n\n","protected":false},"excerpt":{"rendered":"","protected":false},"author":2,"featured_media":0,"parent":0,"menu_order":0,"comment_status":"closed","ping_status":"closed","template":"","meta":[],"_links":{"self":[{"href":"https:\/\/defi-social.com\/index.php\/wp-json\/wp\/v2\/pages\/3556"}],"collection":[{"href":"https:\/\/defi-social.com\/index.php\/wp-json\/wp\/v2\/pages"}],"about":[{"href":"https:\/\/defi-social.com\/index.php\/wp-json\/wp\/v2\/types\/page"}],"author":[{"embeddable":true,"href":"https:\/\/defi-social.com\/index.php\/wp-json\/wp\/v2\/users\/2"}],"replies":[{"embeddable":true,"href":"https:\/\/defi-social.com\/index.php\/wp-json\/wp\/v2\/comments?post=3556"}],"version-history":[{"count":1,"href":"https:\/\/defi-social.com\/index.php\/wp-json\/wp\/v2\/pages\/3556\/revisions"}],"predecessor-version":[{"id":3557,"href":"https:\/\/defi-social.com\/index.php\/wp-json\/wp\/v2\/pages\/3556\/revisions\/3557"}],"wp:attachment":[{"href":"https:\/\/defi-social.com\/index.php\/wp-json\/wp\/v2\/media?parent=3556"}],"curies":[{"name":"wp","href":"https:\/\/api.w.org\/{rel}","templated":true}]}}