{"id":4001,"date":"2024-11-06T15:25:38","date_gmt":"2024-11-06T14:25:38","guid":{"rendered":"https:\/\/defi-social.com\/?page_id=4001"},"modified":"2024-11-06T17:34:34","modified_gmt":"2024-11-06T16:34:34","slug":"devis-logiciel-de-gestion-commerciale-acgpro","status":"publish","type":"page","link":"https:\/\/defi-social.com\/index.php\/devis-logiciel-de-gestion-commerciale-acgpro\/","title":{"rendered":"LOGICIEL DE GESTION COMMERCIALE ACGPro"},"content":{"rendered":"\n<h2 class=\"wp-block-heading\">DEMANDE DE DEVIS GRATUIT<\/h2>\n\n\n\n<p class=\"has-text-align-justify\">Vous \u00eates \u00e0 la recherche d&#8217;un logiciel permettant d&#8217;\u00e9tablir vos devis, vos commandes, vos livraisons, votre facturation&#8230; , <strong>notre logiciel SPECIAL ESAT<\/strong> vous permet d&#8217;y r\u00e9pondre.<\/p>\n\n\n\n<p class=\"has-text-align-justify\">Pour r\u00e9aliser votre devis, nous avons besoin de quelques renseignements tr\u00e8s simples mais indispensables concernant votre projet.<\/p>\n\n\n\n<pre class=\"wp-block-code\"><code><\/code><\/pre>\n\n\n\n<div class=\"wp-block-contact-form-7-contact-form-selector\">\n<div class=\"wpcf7 no-js\" id=\"wpcf7-f4000-o1\" lang=\"fr-FR\" dir=\"ltr\">\n<div class=\"screen-reader-response\"><p role=\"status\" aria-live=\"polite\" aria-atomic=\"true\"><\/p> <ul><\/ul><\/div>\n<form action=\"\/index.php\/wp-json\/wp\/v2\/pages\/4001#wpcf7-f4000-o1\" method=\"post\" class=\"wpcf7-form init\" aria-label=\"Formulaire de contact\" novalidate=\"novalidate\" data-status=\"init\">\n<div style=\"display: none;\">\n<input type=\"hidden\" name=\"_wpcf7\" value=\"4000\" \/>\n<input type=\"hidden\" name=\"_wpcf7_version\" value=\"5.7.7\" \/>\n<input type=\"hidden\" name=\"_wpcf7_locale\" value=\"fr_FR\" \/>\n<input type=\"hidden\" name=\"_wpcf7_unit_tag\" value=\"wpcf7-f4000-o1\" \/>\n<input type=\"hidden\" name=\"_wpcf7_container_post\" value=\"0\" \/>\n<input type=\"hidden\" name=\"_wpcf7_posted_data_hash\" value=\"\" \/>\n<input type=\"hidden\" name=\"_wpcf7_recaptcha_response\" value=\"\" \/>\n<\/div>\n<p><label> Combien de postes seraient \u00e9quip\u00e9s du logiciel ? (*)<br \/>\n<span class=\"wpcf7-form-control-wrap\" data-name=\"NbPostes\"><select class=\"wpcf7-form-control wpcf7-select wpcf7-validates-as-required\" aria-required=\"true\" aria-invalid=\"false\" name=\"NbPostes\"><option value=\"\">&#8212;Veuillez choisir une option&#8212;<\/option><option value=\"1 \u00e0 5 postes\">1 \u00e0 5 postes<\/option><option value=\"6 \u00e0 10 postes\">6 \u00e0 10 postes<\/option><option value=\"11 \u00e0 15 postes\">11 \u00e0 15 postes<\/option><option value=\"16 \u00e0 20 postes\">16 \u00e0 20 postes<\/option><\/select><\/span> <\/label>\n<\/p>\n<p><label> Comment souhaiteriez vous installer votre logiciel ? (*)<br \/>\nVous pouvez choisir entre une installation sur le serveur de votre si\u00e8ge ou de votre ESAT<br \/>\nou bien<br \/>\nSur un de nos serveurs hautement s\u00e9curis\u00e9s.<br \/>\n<span class=\"wpcf7-form-control-wrap\" data-name=\"TypeInstallation\"><select class=\"wpcf7-form-control wpcf7-select wpcf7-validates-as-required\" aria-required=\"true\" aria-invalid=\"false\" name=\"TypeInstallation\"><option value=\"\">&#8212;Veuillez choisir une option&#8212;<\/option><option value=\"Le serveur du si\u00e8ge ou ESAT\">Le serveur du si\u00e8ge ou ESAT<\/option><option value=\"Le serveur Externe s\u00e9curis\u00e9\">Le serveur Externe s\u00e9curis\u00e9<\/option><option value=\"Etudier les deux propositions\">Etudier les deux propositions<\/option><\/select><\/span> <\/label>\n<\/p>\n<p><label> Auriez vous des donn\u00e9es \u00e0 r\u00e9cup\u00e9rer d'un ancien logiciel ou une base de donn\u00e9es<br \/>\n<span class=\"wpcf7-form-control-wrap\" data-name=\"recup\"><span class=\"wpcf7-form-control wpcf7-radio\"><span class=\"wpcf7-list-item first\"><input type=\"radio\" name=\"recup\" value=\"Oui\" \/><span class=\"wpcf7-list-item-label\">Oui<\/span><\/span><span class=\"wpcf7-list-item last\"><input type=\"radio\" name=\"recup\" value=\"Non\" \/><span class=\"wpcf7-list-item-label\">Non<\/span><\/span><\/span><\/span><br \/>\n<\/label>\n<\/p>\n<p><label> Le nom de votre ESAT (*)<br \/>\n<span class=\"wpcf7-form-control-wrap\" data-name=\"NomESAT\"><input size=\"40\" class=\"wpcf7-form-control wpcf7-text wpcf7-validates-as-required\" aria-required=\"true\" aria-invalid=\"false\" value=\"\" type=\"text\" name=\"NomESAT\" \/><\/span><\/label>\n<\/p>\n<p><label> Le nom de votre association(*)<br \/>\n<span class=\"wpcf7-form-control-wrap\" data-name=\"NomAsso\"><input size=\"40\" class=\"wpcf7-form-control wpcf7-text wpcf7-validates-as-required\" aria-required=\"true\" aria-invalid=\"false\" value=\"\" type=\"text\" name=\"NomAsso\" \/><\/span><\/label>\n<\/p>\n<p><label> Votre nom (*)<br \/>\n<span class=\"wpcf7-form-control-wrap\" data-name=\"NomContact\"><input size=\"40\" class=\"wpcf7-form-control wpcf7-text wpcf7-validates-as-required\" aria-required=\"true\" aria-invalid=\"false\" value=\"\" type=\"text\" name=\"NomContact\" \/><\/span><\/label>\n<\/p>\n<p><label> Quel est votre r\u00f4le dans l'\u00e9tablissement ? (*)<br \/>\n<span class=\"wpcf7-form-control-wrap\" data-name=\"FonctionContact\"><select class=\"wpcf7-form-control wpcf7-select wpcf7-validates-as-required\" aria-required=\"true\" aria-invalid=\"false\" name=\"FonctionContact\"><option value=\"\">&#8212;Veuillez choisir une option&#8212;<\/option><option value=\"Directeur\">Directeur<\/option><option value=\"Directeur adjoint\">Directeur adjoint<\/option><option value=\"Chef d&#039;atelier\">Chef d&#039;atelier<\/option><option value=\"Moniteur principal\">Moniteur principal<\/option><option value=\"Responsable ou correspondant informatique\">Responsable ou correspondant informatique<\/option><option value=\"Autre... \u00e0 compl\u00e9ter dans le d\u00e9tail du projet\">Autre... \u00e0 compl\u00e9ter dans le d\u00e9tail du projet<\/option><\/select><\/span> <\/label>\n<\/p>\n<p><label> Votre email (*)<br \/>\n<span class=\"wpcf7-form-control-wrap\" data-name=\"your-email\"><input size=\"40\" class=\"wpcf7-form-control wpcf7-text wpcf7-email wpcf7-validates-as-required wpcf7-validates-as-email\" aria-required=\"true\" aria-invalid=\"false\" value=\"\" type=\"email\" name=\"your-email\" \/><\/span> <\/label>\n<\/p>\n<p><label> Si vous le souhaitez laissez nous votre num\u00e9ro de t\u00e9l\u00e9phone<br \/>\n<span class=\"wpcf7-form-control-wrap\" data-name=\"Telephone\"><input size=\"40\" class=\"wpcf7-form-control wpcf7-text wpcf7-tel wpcf7-validates-as-tel\" aria-invalid=\"false\" value=\"\" type=\"tel\" name=\"Telephone\" \/><\/span> <\/label>\n<\/p>\n<p><label> D\u00e9taillez ici votre projet en nous laissant un commentaire : (*)<br \/>\n<span class=\"wpcf7-form-control-wrap\" data-name=\"Details\"><textarea cols=\"40\" rows=\"10\" class=\"wpcf7-form-control wpcf7-textarea wpcf7-validates-as-required\" aria-required=\"true\" aria-invalid=\"false\" name=\"Details\"><\/textarea><\/span> <\/label>\n<\/p>\n<p><label> Les champs (*) sont obligatoires <\/label><br \/>\n<input class=\"wpcf7-form-control has-spinner wpcf7-submit\" type=\"submit\" value=\"Confirmer la demande\" \/>\n<\/p><div class=\"wpcf7-response-output\" aria-hidden=\"true\"><\/div>\n<\/form>\n<\/div>\n<\/div>\n","protected":false},"excerpt":{"rendered":"<p>DEMANDE DE DEVIS GRATUIT Vous \u00eates \u00e0 la recherche d&#8217;un logiciel permettant d&#8217;\u00e9tablir vos devis, vos commandes, vos livraisons, votre facturation&#8230; , notre logiciel SPECIAL ESAT vous permet d&#8217;y r\u00e9pondre. Pour r\u00e9aliser votre devis, nous avons besoin de quelques renseignements tr\u00e8s simples mais indispensables concernant votre projet.<\/p>\n","protected":false},"author":2,"featured_media":0,"parent":0,"menu_order":0,"comment_status":"closed","ping_status":"closed","template":"","meta":[],"_links":{"self":[{"href":"https:\/\/defi-social.com\/index.php\/wp-json\/wp\/v2\/pages\/4001"}],"collection":[{"href":"https:\/\/defi-social.com\/index.php\/wp-json\/wp\/v2\/pages"}],"about":[{"href":"https:\/\/defi-social.com\/index.php\/wp-json\/wp\/v2\/types\/page"}],"author":[{"embeddable":true,"href":"https:\/\/defi-social.com\/index.php\/wp-json\/wp\/v2\/users\/2"}],"replies":[{"embeddable":true,"href":"https:\/\/defi-social.com\/index.php\/wp-json\/wp\/v2\/comments?post=4001"}],"version-history":[{"count":9,"href":"https:\/\/defi-social.com\/index.php\/wp-json\/wp\/v2\/pages\/4001\/revisions"}],"predecessor-version":[{"id":4013,"href":"https:\/\/defi-social.com\/index.php\/wp-json\/wp\/v2\/pages\/4001\/revisions\/4013"}],"wp:attachment":[{"href":"https:\/\/defi-social.com\/index.php\/wp-json\/wp\/v2\/media?parent=4001"}],"curies":[{"name":"wp","href":"https:\/\/api.w.org\/{rel}","templated":true}]}}