{"id":415,"date":"2018-08-31T12:12:39","date_gmt":"2018-08-31T12:12:39","guid":{"rendered":"http:\/\/defi-social.com\/wordpress\/?page_id=415"},"modified":"2018-08-31T12:12:39","modified_gmt":"2018-08-31T12:12:39","slug":"clients","status":"publish","type":"page","link":"https:\/\/defi-social.com\/index.php\/clients\/","title":{"rendered":"Clients"},"content":{"rendered":"<table class=\"aligncenter\" style=\"height: 100%; width: 100%; align: center; border-collapse: collapse; border-style: none;\" border=\"0\">\n<tbody>\n<tr style=\"height: 30px;\">\n<td style=\"width: 33.333333333333336%; height: 30px;\"><a href=\"https:\/\/www.adsea06.org\/\">ADSEA 06<\/a> (06)<\/td>\n<td style=\"width: 33.333333333333336%; height: 30px;\">APEI de Pont Audemer (27)<\/td>\n<td style=\"width: 33.333333333333336%; height: 30px;\">Foyer le clos Roy (45)<\/td>\n<\/tr>\n<tr style=\"height: 30px;\">\n<td style=\"width: 33.333333333333336%; height: 30px;\"><a href=\"https:\/\/www.aede.fr\/\">AEDE<\/a> (77)<\/td>\n<td style=\"width: 33.333333333333336%; height: 30px;\">APEI d&#8217;Epernay (51)<\/td>\n<td style=\"width: 33.333333333333336%; height: 30px;\">IMC Reims (51)<\/td>\n<\/tr>\n<tr style=\"height: 30px;\">\n<td style=\"width: 33.333333333333336%; height: 30px;\"><a href=\"http:\/\/www.aehm.fr\/machine.php\">AEHM<\/a> (58)<\/td>\n<td style=\"width: 33.333333333333336%; height: 30px;\">APEI d&#8217;Hirsingue (68)<\/td>\n<td style=\"width: 33.333333333333336%; height: 30px;\">L\u00e9opold Bellan (60)<\/td>\n<\/tr>\n<tr style=\"height: 30px;\">\n<td style=\"width: 33.333333333333336%; height: 30px;\"><a href=\"http:\/\/www.anrh.fr\/\">ANRH<\/a> (60, 91, 75)<\/td>\n<td style=\"width: 33.333333333333336%; height: 30px;\">APEI d&#8217;Orange (84)<\/td>\n<td style=\"width: 33.333333333333336%; height: 30px;\">Les Ateliers de Bl\u00e9ville (76)<\/td>\n<\/tr>\n<tr style=\"height: 30px;\">\n<td style=\"width: 33.333333333333336%; height: 30px;\"><a href=\"http:\/\/apaei-fecamp.fr\/\">APAEI de F\u00e9camp<\/a> (76)<\/td>\n<td style=\"width: 33.333333333333336%; height: 30px;\">Ass. Art et Education (59)<\/td>\n<td style=\"width: 33.333333333333336%; height: 30px;\">Les orphelins d&#8217;Auteuil (28)<\/td>\n<\/tr>\n<tr style=\"height: 30px;\">\n<td style=\"width: 33.333333333333336%; height: 30px;\"><a href=\"http:\/\/apajh.org\/index.php\/component\/mtree\/71-saone-et-loire\/apajh-saone-et-loire\">APAJH<\/a> (71)<\/td>\n<td style=\"width: 33.333333333333336%; height: 30px;\">Ass. Du Docteur Gibert (27)<\/td>\n<td style=\"width: 33.333333333333336%; height: 30px;\">Ligue Havraise (76)<\/td>\n<\/tr>\n<tr style=\"height: 30px;\">\n<td style=\"width: 33.333333333333336%; height: 30px;\"><a href=\"http:\/\/www.apajh94.fr\/index.html\">APAJH<\/a> (94)<\/td>\n<td style=\"width: 33.333333333333336%; height: 30px;\">Ass. Les R\u00e9collets (49)<\/td>\n<td style=\"width: 33.333333333333336%; height: 30px;\">MAS des Champs Dor\u00e9s (62)<\/td>\n<\/tr>\n<tr style=\"height: 30px;\">\n<td style=\"width: 33.333333333333336%; height: 30px;\"><a href=\"https:\/\/www.reseau-gesat.com\/Gesat\/Eure-27\/Tilly-10134\/esat-apeer-gie-norm-handi-e435\/\">APEER Tilly<\/a> (27)<\/td>\n<td style=\"width: 33.333333333333336%; height: 30px;\">Ass. Revivre (91)<\/td>\n<td style=\"width: 33.333333333333336%; height: 30px;\">\u0152uvre de l&#8217;Hospitalit\u00e9 du travail (75)<\/td>\n<\/tr>\n<tr style=\"height: 30px;\">\n<td style=\"width: 33.333333333333336%; height: 30px;\"><a href=\"http:\/\/www.udapei62.fr\/?page_id=263\">APEI d&#8217;Arras<\/a> (62)<\/td>\n<td style=\"width: 33.333333333333336%; height: 30px;\">CCAS Yvetot (76)<\/td>\n<td style=\"width: 33.333333333333336%; height: 30px;\">Ordre de la croix de Malt (91)<\/td>\n<\/tr>\n<tr style=\"height: 33px;\">\n<td style=\"width: 33.333333333333336%; height: 33px;\"><a href=\"http:\/\/www.adapei-varmed.fr\/\">APEI\u00a0du Var<\/a> (83)<\/td>\n<td style=\"width: 33.333333333333336%; height: 33px;\">Croix Rouge Fran\u00e7aise (62)<\/td>\n<td style=\"width: 33.333333333333336%; height: 33px;\">Protection Social Vaugirard (75)<\/td>\n<\/tr>\n<tr style=\"height: 26px;\">\n<td style=\"width: 33.333333333333336%; height: 26px;\"><a href=\"https:\/\/www.fondation-rte.org\/apei-du-val-brian-26-drome\/\">APEI de la Dr\u00f4me<\/a> (26)<\/td>\n<td style=\"width: 33.333333333333336%; height: 26px;\">Elan Argonnais (51)<\/td>\n<td style=\"width: 33.333333333333336%; height: 26px;\">RDAS (71)<\/td>\n<\/tr>\n<tr style=\"height: 26px;\">\n<td style=\"width: 33.333333333333336%; height: 26px;\">APEI de la Somme (80)<\/td>\n<td style=\"width: 33.333333333333336%; height: 26px;\">EPNAK (91)<\/td>\n<td style=\"width: 33.333333333333336%; height: 26px;\">R\u00e9seau Omega (59)<\/td>\n<\/tr>\n<tr style=\"height: 26px;\">\n<td style=\"width: 33.333333333333336%; height: 26px;\">APEI de Lens (62)<\/td>\n<td style=\"width: 33.333333333333336%; height: 26px;\">ESAT du Vimeu (80)<\/td>\n<td style=\"width: 33.333333333333336%; height: 26px;\">SESAME AUTISME (59)<\/td>\n<\/tr>\n<tr style=\"height: 26px;\">\n<td style=\"width: 33.333333333333336%; height: 26px;\">APEI de l&#8217;Eure\u00a0\u00a0(27)<\/td>\n<td style=\"width: 33.333333333333336%; height: 26px;\">ESAT Jean Charcot (78)<\/td>\n<td style=\"width: 33.333333333333336%; height: 26px;\">S\u0153urs Hospitali\u00e8res (75)<\/td>\n<\/tr>\n<tr style=\"height: 26px;\">\n<td style=\"width: 33.333333333333336%; height: 26px;\">APEI de l&#8217;Eure et Loir (28)<\/td>\n<td style=\"width: 33.333333333333336%; height: 26px;\">Foyer du Val de See (50)<\/td>\n<td style=\"width: 33.333333333333336%; height: 26px;\">UDAPEI 62<\/td>\n<\/tr>\n<\/tbody>\n<\/table>\n","protected":false},"excerpt":{"rendered":"<p>ADSEA 06 (06) APEI de Pont Audemer (27) Foyer le clos Roy (45) AEDE (77) APEI d&#8217;Epernay (51) IMC Reims (51) AEHM (58) APEI d&#8217;Hirsingue (68) L\u00e9opold Bellan (60) ANRH (60, 91, 75) APEI d&#8217;Orange (84) Les Ateliers de Bl\u00e9ville (76) APAEI de F\u00e9camp (76) Ass. Art et Education (59) Les orphelins d&#8217;Auteuil (28) APAJH &hellip; <\/p>\n<p class=\"link-more\"><a href=\"https:\/\/defi-social.com\/index.php\/clients\/\" class=\"more-link\">Continuer la lecture<span class=\"screen-reader-text\"> de &laquo;&nbsp;Clients&nbsp;&raquo;<\/span><\/a><\/p>\n","protected":false},"author":3,"featured_media":0,"parent":0,"menu_order":0,"comment_status":"closed","ping_status":"closed","template":"","meta":[],"_links":{"self":[{"href":"https:\/\/defi-social.com\/index.php\/wp-json\/wp\/v2\/pages\/415"}],"collection":[{"href":"https:\/\/defi-social.com\/index.php\/wp-json\/wp\/v2\/pages"}],"about":[{"href":"https:\/\/defi-social.com\/index.php\/wp-json\/wp\/v2\/types\/page"}],"author":[{"embeddable":true,"href":"https:\/\/defi-social.com\/index.php\/wp-json\/wp\/v2\/users\/3"}],"replies":[{"embeddable":true,"href":"https:\/\/defi-social.com\/index.php\/wp-json\/wp\/v2\/comments?post=415"}],"version-history":[{"count":0,"href":"https:\/\/defi-social.com\/index.php\/wp-json\/wp\/v2\/pages\/415\/revisions"}],"wp:attachment":[{"href":"https:\/\/defi-social.com\/index.php\/wp-json\/wp\/v2\/media?parent=415"}],"curies":[{"name":"wp","href":"https:\/\/api.w.org\/{rel}","templated":true}]}}