{"id":486,"date":"2018-09-03T14:26:38","date_gmt":"2018-09-03T14:26:38","guid":{"rendered":"http:\/\/defi-social.com\/wordpress\/?page_id=486"},"modified":"2020-09-10T13:37:50","modified_gmt":"2020-09-10T11:37:50","slug":"evolution","status":"publish","type":"page","link":"https:\/\/defi-social.com\/index.php\/evolution\/","title":{"rendered":"Evolution"},"content":{"rendered":"<p><a href=\"http:\/\/defi-social.com\/wordpress\/wp-content\/uploads\/Fichier-1@0.5x.png\"><img decoding=\"async\" loading=\"lazy\" class=\"alignnone size-full wp-image-490\" src=\"http:\/\/defi-social.com\/wordpress\/wp-content\/uploads\/Fichier-1@0.5x.png\" alt=\"\" width=\"215\" height=\"186\"><\/a><\/p>\n\n<div class=\"wpcf7 no-js\" id=\"wpcf7-f3040-o1\" lang=\"fr-FR\" dir=\"ltr\">\n<div class=\"screen-reader-response\"><p role=\"status\" aria-live=\"polite\" aria-atomic=\"true\"><\/p> <ul><\/ul><\/div>\n<form action=\"\/index.php\/wp-json\/wp\/v2\/pages\/486#wpcf7-f3040-o1\" method=\"post\" class=\"wpcf7-form init\" aria-label=\"Formulaire de contact\" enctype=\"multipart\/form-data\" novalidate=\"novalidate\" data-status=\"init\">\n<div style=\"display: none;\">\n<input type=\"hidden\" name=\"_wpcf7\" value=\"3040\" \/>\n<input type=\"hidden\" name=\"_wpcf7_version\" value=\"5.7.7\" \/>\n<input type=\"hidden\" name=\"_wpcf7_locale\" value=\"fr_FR\" \/>\n<input type=\"hidden\" name=\"_wpcf7_unit_tag\" value=\"wpcf7-f3040-o1\" \/>\n<input type=\"hidden\" name=\"_wpcf7_container_post\" value=\"0\" \/>\n<input type=\"hidden\" name=\"_wpcf7_posted_data_hash\" value=\"\" \/>\n<input type=\"hidden\" name=\"_wpcf7_recaptcha_response\" value=\"\" \/>\n<\/div>\n<p><label> Votre association<br \/>\n<span class=\"wpcf7-form-control-wrap\" data-name=\"your-association\"><input size=\"40\" class=\"wpcf7-form-control wpcf7-text wpcf7-validates-as-required\" aria-required=\"true\" aria-invalid=\"false\" value=\"\" type=\"text\" name=\"your-association\" \/><\/span> <\/label>\n<\/p>\n<p><label> Votre nom<br \/>\n<span class=\"wpcf7-form-control-wrap\" data-name=\"your-name\"><input size=\"40\" class=\"wpcf7-form-control wpcf7-text wpcf7-validates-as-required\" aria-required=\"true\" aria-invalid=\"false\" value=\"\" type=\"text\" name=\"your-name\" \/><\/span> <\/label>\n<\/p>\n<p><label> Votre \u00e9tablissement<br \/>\n<span class=\"wpcf7-form-control-wrap\" data-name=\"your-etablissement\"><input size=\"40\" class=\"wpcf7-form-control wpcf7-text wpcf7-validates-as-required\" aria-required=\"true\" aria-invalid=\"false\" value=\"\" type=\"text\" name=\"your-etablissement\" \/><\/span> <\/label>\n<\/p>\n<p><label> Votre n\u00b0 de t\u00e9l\u00e9phone<br \/>\n<span class=\"wpcf7-form-control-wrap\" data-name=\"your-phonenumber\"><input size=\"40\" class=\"wpcf7-form-control wpcf7-text wpcf7-validates-as-required\" aria-required=\"true\" aria-invalid=\"false\" value=\"\" type=\"text\" name=\"your-phonenumber\" \/><\/span> <\/label>\n<\/p>\n<p><label> Votre adresse mail<br \/>\n<span class=\"wpcf7-form-control-wrap\" data-name=\"your-email\"><input size=\"40\" class=\"wpcf7-form-control wpcf7-text wpcf7-email wpcf7-validates-as-required wpcf7-validates-as-email\" aria-required=\"true\" aria-invalid=\"false\" value=\"\" type=\"email\" name=\"your-email\" \/><\/span> <\/label>\n<\/p>\n<p><label> Logiciel\/Formation<br \/>\n<span class=\"wpcf7-form-control-wrap\" data-name=\"LogicielFormation\"><select class=\"wpcf7-form-control wpcf7-select wpcf7-validates-as-required\" aria-required=\"true\" aria-invalid=\"false\" name=\"LogicielFormation\"><option value=\"\">&#8212;Veuillez choisir une option&#8212;<\/option><option value=\"Sam\">Sam<\/option><option value=\"Ev@lErgo\">Ev@lErgo<\/option><option value=\"ACGPro\">ACGPro<\/option><option value=\"Ev@lActions\">Ev@lActions<\/option><option value=\"Ev@lQuest\">Ev@lQuest<\/option><option value=\"Ev@lRisques\">Ev@lRisques<\/option><option value=\"111 Formation au param\u00e9trage des outils du dossier social de la personne accueillie\">111 Formation au param\u00e9trage des outils du dossier social de la personne accueillie<\/option><option value=\"Formation SAM pilotage\">Formation SAM pilotage<\/option><option value=\"Formation SAM utilisateurs\">Formation SAM utilisateurs<\/option><\/select><\/span> <\/label>\n<\/p>\n<p><label> Urgence<br \/>\n<span class=\"wpcf7-form-control-wrap\" data-name=\"Urgence\"><select class=\"wpcf7-form-control wpcf7-select wpcf7-validates-as-required\" aria-required=\"true\" aria-invalid=\"false\" name=\"Urgence\"><option value=\"\">&#8212;Veuillez choisir une option&#8212;<\/option><option value=\"Indispensable\">Indispensable<\/option><option value=\"Souhaitable\">Souhaitable<\/option><option value=\"Confort\">Confort<\/option><\/select><\/span> <\/label>\n<\/p>\n<p><label> D\u00e9taillez ici l'\u00e9volution que vous souhaitez voir appara\u00eetre :<br \/>\n<span class=\"wpcf7-form-control-wrap\" data-name=\"Details\"><textarea cols=\"40\" rows=\"10\" class=\"wpcf7-form-control wpcf7-textarea wpcf7-validates-as-required\" aria-required=\"true\" aria-invalid=\"false\" name=\"Details\"><\/textarea><\/span> <\/label>\n<\/p>\n<p><label> Joindre une pi\u00e8ce<br \/>\n<span class=\"wpcf7-form-control-wrap\" data-name=\"file-727\"><input size=\"40\" class=\"wpcf7-form-control wpcf7-file\" accept=\"audio\/*,video\/*,image\/*\" aria-invalid=\"false\" type=\"file\" name=\"file-727\" \/><\/span> <\/label>\n<\/p>\n<p><label><br \/>\n<span class=\"wpcf7-form-control-wrap\" data-name=\"Vide\"><input size=\"40\" class=\"wpcf7-form-control wpcf7-text\" aria-invalid=\"false\" value=\"\" type=\"text\" name=\"Vide\" \/><\/span> <\/label>\n<\/p>\n<p><input class=\"wpcf7-form-control has-spinner wpcf7-submit\" type=\"submit\" value=\"Envoyer\" \/>\n<\/p><div class=\"wpcf7-response-output\" aria-hidden=\"true\"><\/div>\n<\/form>\n<\/div>\n\n\n\n<p><\/p>\n","protected":false},"excerpt":{"rendered":"","protected":false},"author":3,"featured_media":0,"parent":0,"menu_order":0,"comment_status":"closed","ping_status":"closed","template":"","meta":[],"_links":{"self":[{"href":"https:\/\/defi-social.com\/index.php\/wp-json\/wp\/v2\/pages\/486"}],"collection":[{"href":"https:\/\/defi-social.com\/index.php\/wp-json\/wp\/v2\/pages"}],"about":[{"href":"https:\/\/defi-social.com\/index.php\/wp-json\/wp\/v2\/types\/page"}],"author":[{"embeddable":true,"href":"https:\/\/defi-social.com\/index.php\/wp-json\/wp\/v2\/users\/3"}],"replies":[{"embeddable":true,"href":"https:\/\/defi-social.com\/index.php\/wp-json\/wp\/v2\/comments?post=486"}],"version-history":[{"count":2,"href":"https:\/\/defi-social.com\/index.php\/wp-json\/wp\/v2\/pages\/486\/revisions"}],"predecessor-version":[{"id":3058,"href":"https:\/\/defi-social.com\/index.php\/wp-json\/wp\/v2\/pages\/486\/revisions\/3058"}],"wp:attachment":[{"href":"https:\/\/defi-social.com\/index.php\/wp-json\/wp\/v2\/media?parent=486"}],"curies":[{"name":"wp","href":"https:\/\/api.w.org\/{rel}","templated":true}]}}