{"id":50,"date":"2018-08-27T15:05:50","date_gmt":"2018-08-27T15:05:50","guid":{"rendered":"http:\/\/defi-social.com\/wordpress\/?page_id=50"},"modified":"2021-01-21T16:30:26","modified_gmt":"2021-01-21T15:30:26","slug":"accueil","status":"publish","type":"page","link":"https:\/\/defi-social.com\/","title":{"rendered":"ACCUEIL"},"content":{"rendered":"<h1 style=\"text-align: left;\">D\u00e9fi-Social, notre approche du m\u00e9dico-social<\/h1>\n<p style=\"text-align: left;\">Depuis plus de 20 ans nous accompagnons les associations gestionnaires, les dirigeants d&#8217;<strong>\u00e9tablissements sociaux et m\u00e9dico-sociaux<\/strong> dans la mise en place des r\u00e9ponses efficaces \u00e0 l&#8217;organisation structurelle et au traitement de l&#8217;information dans le respect des bonnes pratiques professionnelles.<\/p>\n<p style=\"text-align: left;\">Trois grands domaines sont \u00e0 votre disposition :<\/p>\n\n<table style=\"width: 100%;\">\n<tbody>\n<tr>\n<td style=\"width: 300px; text-align: left;\">\n<h6>Mise en place, accompagnement et suivi de projets<\/h6>\n<\/td>\n<td style=\"width: 300px;\">\n<h6>Conseil et mise en place d&#8217;outils adapt\u00e9s \u00e0 vos besoins de gestion<\/h6>\n<\/td>\n<td style=\"width: 300px;\">\n<h6>H\u00e9bergement de votre syst\u00e8me informatique<\/h6>\n<\/td>\n<\/tr>\n<tr>\n<td><\/td>\n<td><\/td>\n<td><\/td>\n<\/tr>\n<\/tbody>\n<\/table>\nPour chacun de ces domaines, un professionnel sp\u00e9cialis\u00e9 vous encadre et assure le suivi de votre dossier dans le respect des pr\u00e9conisations l\u00e9gales. Il assure la coordination entre les diff\u00e9rents acteurs internes et externes, met en \u0153uvre l&#8217;ensemble des moyens techniques et p\u00e9dagogiques n\u00e9cessaires \u00e0 la r\u00e9alisation de vos projets.\n\nNotre r\u00e9seau de partenaires \u00e9tendu est capable de vous apporter la solution que vous souhaitez pour l&#8217;ensemble de vos secteurs d&#8217;activit\u00e9. (Enfances, H\u00e9bergement, Travail, Accueil m\u00e9dicalis\u00e9, accueil des personnes vieillissantes&#8230;)\n<h2>Les intervenants<\/h2>\n<ul>\n \t<li>Agents form\u00e9s \u00e0 l&#8217;audit externe social et m\u00e9dico-social<\/li>\n \t<li>Anciens directeurs d&#8217;\u00e9tablissements<\/li>\n \t<li>Certifi\u00e9s Microsoft<\/li>\n \t<li>Contr\u00f4leurs de gestion<\/li>\n \t<li>Dipl\u00f4m\u00e9s en droit<\/li>\n \t<li>Dipl\u00f4m\u00e9s en en gestion des entreprises<\/li>\n \t<li>Dipl\u00f4m\u00e9s en informatique<\/li>\n \t<li>Dipl\u00f4m\u00e9s en psychologie<\/li>\n \t<li>Formateurs dipl\u00f4m\u00e9s<\/li>\n<\/ul>\n<!-- \/wp:image -->\n\n<!-- wp:columns {\"className\":\"has-2-columns\"} -->\n\n<!-- wp:column -->\n\n<!-- wp:paragraph -->\n\n<!-- \/wp:paragraph -->\n\n<!-- \/wp:column -->\n\n<!-- wp:column -->\n\n<!-- \/wp:column -->\n\n<!-- \/wp:columns -->","protected":false},"excerpt":{"rendered":"<p>D\u00e9fi-Social, notre approche du m\u00e9dico-social Depuis plus de 20 ans nous accompagnons les associations gestionnaires, les dirigeants d&#8217;\u00e9tablissements sociaux et m\u00e9dico-sociaux dans la mise en place des r\u00e9ponses efficaces \u00e0 l&#8217;organisation structurelle et au traitement de l&#8217;information dans le respect des bonnes pratiques professionnelles. Trois grands domaines sont \u00e0 votre disposition : Mise en place, &hellip; <\/p>\n<p class=\"link-more\"><a href=\"https:\/\/defi-social.com\/\" class=\"more-link\">Continuer la lecture<span class=\"screen-reader-text\"> de &laquo;&nbsp;ACCUEIL&nbsp;&raquo;<\/span><\/a><\/p>\n","protected":false},"author":2,"featured_media":0,"parent":0,"menu_order":0,"comment_status":"closed","ping_status":"closed","template":"","meta":[],"_links":{"self":[{"href":"https:\/\/defi-social.com\/index.php\/wp-json\/wp\/v2\/pages\/50"}],"collection":[{"href":"https:\/\/defi-social.com\/index.php\/wp-json\/wp\/v2\/pages"}],"about":[{"href":"https:\/\/defi-social.com\/index.php\/wp-json\/wp\/v2\/types\/page"}],"author":[{"embeddable":true,"href":"https:\/\/defi-social.com\/index.php\/wp-json\/wp\/v2\/users\/2"}],"replies":[{"embeddable":true,"href":"https:\/\/defi-social.com\/index.php\/wp-json\/wp\/v2\/comments?post=50"}],"version-history":[{"count":7,"href":"https:\/\/defi-social.com\/index.php\/wp-json\/wp\/v2\/pages\/50\/revisions"}],"predecessor-version":[{"id":3600,"href":"https:\/\/defi-social.com\/index.php\/wp-json\/wp\/v2\/pages\/50\/revisions\/3600"}],"wp:attachment":[{"href":"https:\/\/defi-social.com\/index.php\/wp-json\/wp\/v2\/media?parent=50"}],"curies":[{"name":"wp","href":"https:\/\/api.w.org\/{rel}","templated":true}]}}