{"id":3826,"date":"2023-01-21T10:26:22","date_gmt":"2023-01-21T09:26:22","guid":{"rendered":"https:\/\/defi-social.com\/?post_type=product&#038;p=3826"},"modified":"2023-01-25T17:33:15","modified_gmt":"2023-01-25T16:33:15","slug":"urgenceflash","status":"publish","type":"product","link":"https:\/\/defi-social.com\/index.php\/produit\/urgenceflash\/","title":{"rendered":"Abonnement UrgenceFlash annuel"},"content":{"rendered":"<p style=\"padding-left: 40px;\">Abonnement annuel<\/p>\n","protected":false},"excerpt":{"rendered":"<p><strong>Abonnement annuel au service urgence flash :\u00a0<\/strong><\/p>\n<ul>\n<li>Acc\u00e8s \u00e0 l&#8217;interface de gestion de la fiche m\u00e9dicale d&#8217;urgence<\/li>\n<li>Personnalisation des informations<\/li>\n<li>Porte cl\u00e9s personnalis\u00e9 avec votre flash code Urgence Flash en option<\/li>\n<\/ul>\n","protected":false},"featured_media":1221,"template":"","meta":[],"product_cat":[22],"product_tag":[],"_links":{"self":[{"href":"https:\/\/defi-social.com\/index.php\/wp-json\/wp\/v2\/product\/3826"}],"collection":[{"href":"https:\/\/defi-social.com\/index.php\/wp-json\/wp\/v2\/product"}],"about":[{"href":"https:\/\/defi-social.com\/index.php\/wp-json\/wp\/v2\/types\/product"}],"wp:featuredmedia":[{"embeddable":true,"href":"https:\/\/defi-social.com\/index.php\/wp-json\/wp\/v2\/media\/1221"}],"wp:attachment":[{"href":"https:\/\/defi-social.com\/index.php\/wp-json\/wp\/v2\/media?parent=3826"}],"wp:term":[{"taxonomy":"product_cat","embeddable":true,"href":"https:\/\/defi-social.com\/index.php\/wp-json\/wp\/v2\/product_cat?post=3826"},{"taxonomy":"product_tag","embeddable":true,"href":"https:\/\/defi-social.com\/index.php\/wp-json\/wp\/v2\/product_tag?post=3826"}],"curies":[{"name":"wp","href":"https:\/\/api.w.org\/{rel}","templated":true}]}}