{"id":3838,"date":"2023-01-23T02:41:37","date_gmt":"2023-01-23T01:41:37","guid":{"rendered":"https:\/\/defi-social.com\/?post_type=product&#038;p=3838"},"modified":"2023-01-26T17:54:25","modified_gmt":"2023-01-26T16:54:25","slug":"porte-cles-metal","status":"publish","type":"product","link":"https:\/\/defi-social.com\/index.php\/produit\/porte-cles-metal\/","title":{"rendered":"Porte-cl\u00e9s m\u00e9tal"},"content":{"rendered":"<p>Porte-cl\u00e9 en m\u00e9tal<\/p>\n<blockquote><p>avec votre QrCode<\/p>\n<p>&nbsp;<\/p><\/blockquote>\n","protected":false},"excerpt":{"rendered":"<p>Porte-cl\u00e9 en m\u00e9tal avec votre QrCode &nbsp;<\/p>\n","protected":false},"featured_media":3781,"template":"","meta":[],"product_cat":[22],"product_tag":[],"_links":{"self":[{"href":"https:\/\/defi-social.com\/index.php\/wp-json\/wp\/v2\/product\/3838"}],"collection":[{"href":"https:\/\/defi-social.com\/index.php\/wp-json\/wp\/v2\/product"}],"about":[{"href":"https:\/\/defi-social.com\/index.php\/wp-json\/wp\/v2\/types\/product"}],"wp:featuredmedia":[{"embeddable":true,"href":"https:\/\/defi-social.com\/index.php\/wp-json\/wp\/v2\/media\/3781"}],"wp:attachment":[{"href":"https:\/\/defi-social.com\/index.php\/wp-json\/wp\/v2\/media?parent=3838"}],"wp:term":[{"taxonomy":"product_cat","embeddable":true,"href":"https:\/\/defi-social.com\/index.php\/wp-json\/wp\/v2\/product_cat?post=3838"},{"taxonomy":"product_tag","embeddable":true,"href":"https:\/\/defi-social.com\/index.php\/wp-json\/wp\/v2\/product_tag?post=3838"}],"curies":[{"name":"wp","href":"https:\/\/api.w.org\/{rel}","templated":true}]}}